{"id":156,"date":"2021-06-14T09:33:12","date_gmt":"2021-06-14T12:33:12","guid":{"rendered":"http:\/\/goedertgroup.com\/?page_id=156"},"modified":"2021-07-02T09:55:54","modified_gmt":"2021-07-02T12:55:54","slug":"contato","status":"publish","type":"page","link":"https:\/\/goedertgroup.com.br\/en\/contato\/","title":{"rendered":"Contact us"},"content":{"rendered":"<p>It will be a pleasure to help and clarify all your requests and doubts. Send your suggestions or criticisms so that our office can evolve in your service.<\/p>\n<p>Talk to our team using the form on the side:<\/p>","protected":false},"excerpt":{"rendered":"<p>Ser\u00e1 um prazer ajudar e esclarecer todas as suas solicita\u00e7\u00f5es e d\u00favidas. Envie suas sugest\u00f5es ou cr\u00edticas para  ...","protected":false},"author":1,"featured_media":0,"parent":0,"menu_order":0,"comment_status":"closed","ping_status":"closed","template":"","meta":{"_acf_changed":false,"footnotes":""},"class_list":["post-156","page","type-page","status-publish","hentry"],"acf":[],"yoast_head":"<!-- This site is optimized with the Yoast SEO plugin v27.3 - https:\/\/yoast.com\/product\/yoast-seo-wordpress\/ -->\n<title>Contato - Goedert Group<\/title>\n<meta name=\"robots\" content=\"index, follow, max-snippet:-1, max-image-preview:large, max-video-preview:-1\" \/>\n<link rel=\"canonical\" href=\"https:\/\/goedertgroup.com.br\/en\/contato\/\" \/>\n<meta property=\"og:locale\" content=\"en_US\" \/>\n<meta property=\"og:type\" content=\"article\" \/>\n<meta property=\"og:title\" content=\"Contato - Goedert Group\" \/>\n<meta property=\"og:description\" content=\"Ser\u00e1 um prazer ajudar e esclarecer todas as suas solicita\u00e7\u00f5es e d\u00favidas. Envie suas sugest\u00f5es ou cr\u00edticas para que nosso escrit\u00f3rio possa evoluir em seu atendimento. Fale com a nossa equipe atrav\u00e9s do formul\u00e1rio ao lado:\" \/>\n<meta property=\"og:url\" content=\"https:\/\/goedertgroup.com.br\/en\/contato\/\" \/>\n<meta property=\"og:site_name\" content=\"Goedert Group\" \/>\n<meta property=\"article:modified_time\" content=\"2021-07-02T12:55:54+00:00\" \/>\n<meta name=\"twitter:card\" content=\"summary_large_image\" \/>\n<script type=\"application\/ld+json\" class=\"yoast-schema-graph\">{\"@context\":\"https:\\\/\\\/schema.org\",\"@graph\":[{\"@type\":\"WebPage\",\"@id\":\"https:\\\/\\\/goedertgroup.com.br\\\/en\\\/contato\\\/\",\"url\":\"https:\\\/\\\/goedertgroup.com.br\\\/en\\\/contato\\\/\",\"name\":\"Contato - Goedert Group\",\"isPartOf\":{\"@id\":\"https:\\\/\\\/goedertgroup.com.br\\\/en\\\/#website\"},\"datePublished\":\"2021-06-14T12:33:12+00:00\",\"dateModified\":\"2021-07-02T12:55:54+00:00\",\"breadcrumb\":{\"@id\":\"https:\\\/\\\/goedertgroup.com.br\\\/en\\\/contato\\\/#breadcrumb\"},\"inLanguage\":\"en-US\",\"potentialAction\":[{\"@type\":\"ReadAction\",\"target\":[\"https:\\\/\\\/goedertgroup.com.br\\\/en\\\/contato\\\/\"]}]},{\"@type\":\"BreadcrumbList\",\"@id\":\"https:\\\/\\\/goedertgroup.com.br\\\/en\\\/contato\\\/#breadcrumb\",\"itemListElement\":[{\"@type\":\"ListItem\",\"position\":1,\"name\":\"In\u00edcio\",\"item\":\"https:\\\/\\\/goedertgroup.com.br\\\/en\\\/\"},{\"@type\":\"ListItem\",\"position\":2,\"name\":\"Contato\"}]},{\"@type\":\"WebSite\",\"@id\":\"https:\\\/\\\/goedertgroup.com.br\\\/en\\\/#website\",\"url\":\"https:\\\/\\\/goedertgroup.com.br\\\/en\\\/\",\"name\":\"Goedert Group\",\"description\":\"Qualidade em Higiene\",\"potentialAction\":[{\"@type\":\"SearchAction\",\"target\":{\"@type\":\"EntryPoint\",\"urlTemplate\":\"https:\\\/\\\/goedertgroup.com.br\\\/en\\\/?s={search_term_string}\"},\"query-input\":{\"@type\":\"PropertyValueSpecification\",\"valueRequired\":true,\"valueName\":\"search_term_string\"}}],\"inLanguage\":\"en-US\"}]}<\/script>\n<!-- \/ Yoast SEO plugin. -->","yoast_head_json":{"title":"Contato - Goedert Group","robots":{"index":"index","follow":"follow","max-snippet":"max-snippet:-1","max-image-preview":"max-image-preview:large","max-video-preview":"max-video-preview:-1"},"canonical":"https:\/\/goedertgroup.com.br\/en\/contato\/","og_locale":"en_US","og_type":"article","og_title":"Contato - Goedert Group","og_description":"Ser\u00e1 um prazer ajudar e esclarecer todas as suas solicita\u00e7\u00f5es e d\u00favidas. Envie suas sugest\u00f5es ou cr\u00edticas para que nosso escrit\u00f3rio possa evoluir em seu atendimento. Fale com a nossa equipe atrav\u00e9s do formul\u00e1rio ao lado:","og_url":"https:\/\/goedertgroup.com.br\/en\/contato\/","og_site_name":"Goedert Group","article_modified_time":"2021-07-02T12:55:54+00:00","twitter_card":"summary_large_image","schema":{"@context":"https:\/\/schema.org","@graph":[{"@type":"WebPage","@id":"https:\/\/goedertgroup.com.br\/en\/contato\/","url":"https:\/\/goedertgroup.com.br\/en\/contato\/","name":"Contato - Goedert Group","isPartOf":{"@id":"https:\/\/goedertgroup.com.br\/en\/#website"},"datePublished":"2021-06-14T12:33:12+00:00","dateModified":"2021-07-02T12:55:54+00:00","breadcrumb":{"@id":"https:\/\/goedertgroup.com.br\/en\/contato\/#breadcrumb"},"inLanguage":"en-US","potentialAction":[{"@type":"ReadAction","target":["https:\/\/goedertgroup.com.br\/en\/contato\/"]}]},{"@type":"BreadcrumbList","@id":"https:\/\/goedertgroup.com.br\/en\/contato\/#breadcrumb","itemListElement":[{"@type":"ListItem","position":1,"name":"In\u00edcio","item":"https:\/\/goedertgroup.com.br\/en\/"},{"@type":"ListItem","position":2,"name":"Contato"}]},{"@type":"WebSite","@id":"https:\/\/goedertgroup.com.br\/en\/#website","url":"https:\/\/goedertgroup.com.br\/en\/","name":"Goedert Group","description":"Qualidade em Higiene","potentialAction":[{"@type":"SearchAction","target":{"@type":"EntryPoint","urlTemplate":"https:\/\/goedertgroup.com.br\/en\/?s={search_term_string}"},"query-input":{"@type":"PropertyValueSpecification","valueRequired":true,"valueName":"search_term_string"}}],"inLanguage":"en-US"}]}},"_links":{"self":[{"href":"https:\/\/goedertgroup.com.br\/en\/wp-json\/wp\/v2\/pages\/156","targetHints":{"allow":["GET"]}}],"collection":[{"href":"https:\/\/goedertgroup.com.br\/en\/wp-json\/wp\/v2\/pages"}],"about":[{"href":"https:\/\/goedertgroup.com.br\/en\/wp-json\/wp\/v2\/types\/page"}],"author":[{"embeddable":true,"href":"https:\/\/goedertgroup.com.br\/en\/wp-json\/wp\/v2\/users\/1"}],"replies":[{"embeddable":true,"href":"https:\/\/goedertgroup.com.br\/en\/wp-json\/wp\/v2\/comments?post=156"}],"version-history":[{"count":2,"href":"https:\/\/goedertgroup.com.br\/en\/wp-json\/wp\/v2\/pages\/156\/revisions"}],"predecessor-version":[{"id":372,"href":"https:\/\/goedertgroup.com.br\/en\/wp-json\/wp\/v2\/pages\/156\/revisions\/372"}],"wp:attachment":[{"href":"https:\/\/goedertgroup.com.br\/en\/wp-json\/wp\/v2\/media?parent=156"}],"curies":[{"name":"wp","href":"https:\/\/api.w.org\/{rel}","templated":true}]}}