{"id":1772,"date":"2025-02-03T11:46:24","date_gmt":"2025-02-03T14:46:24","guid":{"rendered":"https:\/\/goedertgroup.com\/?page_id=1772"},"modified":"2025-02-10T09:56:09","modified_gmt":"2025-02-10T12:56:09","slug":"convencao-2025-pesquisa","status":"publish","type":"page","link":"https:\/\/goedertgroup.com.br\/en\/convencao-2025-pesquisa\/","title":{"rendered":"Conven\u00e7\u00e3o 2025 &#8211; Pesquisa"},"content":{"rendered":"<div data-elementor-type=\"wp-page\" data-elementor-id=\"1772\" class=\"elementor elementor-1772\">\n\t\t\t\t\t\t<section class=\"elementor-section elementor-top-section elementor-element elementor-element-46989f5 elementor-section-full_width elementor-section-height-default elementor-section-height-default\" data-id=\"46989f5\" data-element_type=\"section\" data-e-type=\"section\">\n\t\t\t\t\t\t<div class=\"elementor-container elementor-column-gap-default\">\n\t\t\t\t\t<div class=\"elementor-column elementor-col-100 elementor-top-column elementor-element elementor-element-4ba8545\" data-id=\"4ba8545\" data-element_type=\"column\" data-e-type=\"column\">\n\t\t\t<div class=\"elementor-widget-wrap elementor-element-populated\">\n\t\t\t\t\t\t<div class=\"elementor-element elementor-element-aa66e82 elementor-widget elementor-widget-image\" data-id=\"aa66e82\" data-element_type=\"widget\" data-e-type=\"widget\" data-widget_type=\"image.default\">\n\t\t\t\t<div class=\"elementor-widget-container\">\n\t\t\t\t\t\t\t\t\t\t\t\t\t\t\t<img fetchpriority=\"high\" decoding=\"async\" width=\"768\" height=\"110\" src=\"https:\/\/goedertgroup.com.br\/wp-content\/uploads\/2025\/02\/imagem-telao-com-marcar-e1738844220757-768x110.png\" class=\"attachment-medium_large size-medium_large wp-image-1779\" alt=\"\" srcset=\"https:\/\/goedertgroup.com.br\/wp-content\/uploads\/2025\/02\/imagem-telao-com-marcar-e1738844220757-768x110.png 768w, https:\/\/goedertgroup.com.br\/wp-content\/uploads\/2025\/02\/imagem-telao-com-marcar-e1738844220757-300x43.png 300w, https:\/\/goedertgroup.com.br\/wp-content\/uploads\/2025\/02\/imagem-telao-com-marcar-e1738844220757-1024x146.png 1024w, https:\/\/goedertgroup.com.br\/wp-content\/uploads\/2025\/02\/imagem-telao-com-marcar-e1738844220757-18x3.png 18w, https:\/\/goedertgroup.com.br\/wp-content\/uploads\/2025\/02\/imagem-telao-com-marcar-e1738844220757.png 1441w\" sizes=\"(max-width: 768px) 100vw, 768px\" \/>\t\t\t\t\t\t\t\t\t\t\t\t\t\t\t<\/div>\n\t\t\t\t<\/div>\n\t\t\t\t\t<\/div>\n\t\t<\/div>\n\t\t\t\t\t<\/div>\n\t\t<\/section>\n\t\t\t\t<section class=\"elementor-section elementor-top-section elementor-element elementor-element-8bba394 elementor-section-boxed elementor-section-height-default elementor-section-height-default\" data-id=\"8bba394\" data-element_type=\"section\" data-e-type=\"section\">\n\t\t\t\t\t\t<div class=\"elementor-container elementor-column-gap-default\">\n\t\t\t\t\t<div class=\"elementor-column elementor-col-100 elementor-top-column elementor-element elementor-element-345d97b\" data-id=\"345d97b\" data-element_type=\"column\" data-e-type=\"column\">\n\t\t\t<div class=\"elementor-widget-wrap elementor-element-populated\">\n\t\t\t\t\t\t<div class=\"elementor-element elementor-element-6d03a3f elementor-widget elementor-widget-spacer\" data-id=\"6d03a3f\" data-element_type=\"widget\" data-e-type=\"widget\" data-widget_type=\"spacer.default\">\n\t\t\t\t<div class=\"elementor-widget-container\">\n\t\t\t\t\t\t\t<div class=\"elementor-spacer\">\n\t\t\t<div class=\"elementor-spacer-inner\"><\/div>\n\t\t<\/div>\n\t\t\t\t\t\t<\/div>\n\t\t\t\t<\/div>\n\t\t\t\t\t<\/div>\n\t\t<\/div>\n\t\t\t\t\t<\/div>\n\t\t<\/section>\n\t\t\t\t<section class=\"elementor-section elementor-top-section elementor-element elementor-element-d346591 elementor-section-boxed elementor-section-height-default elementor-section-height-default\" data-id=\"d346591\" data-element_type=\"section\" data-e-type=\"section\">\n\t\t\t\t\t\t<div class=\"elementor-container elementor-column-gap-default\">\n\t\t\t\t\t<div class=\"elementor-column elementor-col-33 elementor-top-column elementor-element elementor-element-2709bec\" data-id=\"2709bec\" data-element_type=\"column\" data-e-type=\"column\">\n\t\t\t<div class=\"elementor-widget-wrap elementor-element-populated\">\n\t\t\t\t\t\t<div class=\"elementor-element elementor-element-b6d97dc elementor-widget-divider--view-line elementor-widget elementor-widget-divider\" data-id=\"b6d97dc\" data-element_type=\"widget\" data-e-type=\"widget\" data-widget_type=\"divider.default\">\n\t\t\t\t<div class=\"elementor-widget-container\">\n\t\t\t\t\t\t\t<div class=\"elementor-divider\">\n\t\t\t<span class=\"elementor-divider-separator\">\n\t\t\t\t\t\t<\/span>\n\t\t<\/div>\n\t\t\t\t\t\t<\/div>\n\t\t\t\t<\/div>\n\t\t\t\t<div class=\"elementor-element elementor-element-68c46df elementor-widget elementor-widget-heading\" data-id=\"68c46df\" data-element_type=\"widget\" data-e-type=\"widget\" data-widget_type=\"heading.default\">\n\t\t\t\t<div class=\"elementor-widget-container\">\n\t\t\t\t\t<h2 class=\"elementor-heading-title elementor-size-default\">Sugest\u00f5es<\/h2>\t\t\t\t<\/div>\n\t\t\t\t<\/div>\n\t\t\t\t<div class=\"elementor-element elementor-element-3db1035 elementor-align-center elementor-widget elementor-widget-button\" data-id=\"3db1035\" data-element_type=\"widget\" data-e-type=\"widget\" data-widget_type=\"button.default\">\n\t\t\t\t<div class=\"elementor-widget-container\">\n\t\t\t\t\t\t\t\t\t<div class=\"elementor-button-wrapper\">\n\t\t\t\t\t<a class=\"elementor-button elementor-button-link elementor-size-sm\" href=\"https:\/\/docs.google.com\/forms\/d\/e\/1FAIpQLSe2Pvox2BjwjgEvBW1xhlF_fM6-T_Q1fsvqcDQdN46Gj6lJHQ\/viewform?usp=sharing\" target=\"_blank\">\n\t\t\t\t\t\t<span class=\"elementor-button-content-wrapper\">\n\t\t\t\t\t\t\t\t\t<span class=\"elementor-button-text\">Preencher formul\u00e1rio<\/span>\n\t\t\t\t\t<\/span>\n\t\t\t\t\t<\/a>\n\t\t\t\t<\/div>\n\t\t\t\t\t\t\t\t<\/div>\n\t\t\t\t<\/div>\n\t\t\t\t\t<\/div>\n\t\t<\/div>\n\t\t\t\t<div class=\"elementor-column elementor-col-33 elementor-top-column elementor-element elementor-element-9ba3d95\" data-id=\"9ba3d95\" data-element_type=\"column\" data-e-type=\"column\">\n\t\t\t<div class=\"elementor-widget-wrap elementor-element-populated\">\n\t\t\t\t\t\t<div class=\"elementor-element elementor-element-b5f0fb9 elementor-widget-divider--view-line elementor-widget elementor-widget-divider\" data-id=\"b5f0fb9\" data-element_type=\"widget\" data-e-type=\"widget\" data-widget_type=\"divider.default\">\n\t\t\t\t<div class=\"elementor-widget-container\">\n\t\t\t\t\t\t\t<div class=\"elementor-divider\">\n\t\t\t<span class=\"elementor-divider-separator\">\n\t\t\t\t\t\t<\/span>\n\t\t<\/div>\n\t\t\t\t\t\t<\/div>\n\t\t\t\t<\/div>\n\t\t\t\t<div class=\"elementor-element elementor-element-8716d88 elementor-widget elementor-widget-heading\" data-id=\"8716d88\" data-element_type=\"widget\" data-e-type=\"widget\" data-widget_type=\"heading.default\">\n\t\t\t\t<div class=\"elementor-widget-container\">\n\t\t\t\t\t<h2 class=\"elementor-heading-title elementor-size-default\">Pesquisa de Produtos<\/h2>\t\t\t\t<\/div>\n\t\t\t\t<\/div>\n\t\t\t\t<div class=\"elementor-element elementor-element-a48bff7 elementor-align-center elementor-widget elementor-widget-button\" data-id=\"a48bff7\" data-element_type=\"widget\" data-e-type=\"widget\" data-widget_type=\"button.default\">\n\t\t\t\t<div class=\"elementor-widget-container\">\n\t\t\t\t\t\t\t\t\t<div class=\"elementor-button-wrapper\">\n\t\t\t\t\t<a class=\"elementor-button elementor-button-link elementor-size-sm\" href=\"https:\/\/docs.google.com\/forms\/d\/e\/1FAIpQLSeNIQ81cpz9kfvBpRiGmXekgHk76EdAXULQtjDIhi2kz5PC7Q\/viewform?usp=sharing\" target=\"_blank\">\n\t\t\t\t\t\t<span class=\"elementor-button-content-wrapper\">\n\t\t\t\t\t\t\t\t\t<span class=\"elementor-button-text\">Preencher formul\u00e1rio<\/span>\n\t\t\t\t\t<\/span>\n\t\t\t\t\t<\/a>\n\t\t\t\t<\/div>\n\t\t\t\t\t\t\t\t<\/div>\n\t\t\t\t<\/div>\n\t\t\t\t\t<\/div>\n\t\t<\/div>\n\t\t\t\t<div class=\"elementor-column elementor-col-33 elementor-top-column elementor-element elementor-element-c46fb33\" data-id=\"c46fb33\" data-element_type=\"column\" data-e-type=\"column\">\n\t\t\t<div class=\"elementor-widget-wrap elementor-element-populated\">\n\t\t\t\t\t\t<div class=\"elementor-element elementor-element-c0d8f15 elementor-widget-divider--view-line elementor-widget elementor-widget-divider\" data-id=\"c0d8f15\" data-element_type=\"widget\" data-e-type=\"widget\" data-widget_type=\"divider.default\">\n\t\t\t\t<div class=\"elementor-widget-container\">\n\t\t\t\t\t\t\t<div class=\"elementor-divider\">\n\t\t\t<span class=\"elementor-divider-separator\">\n\t\t\t\t\t\t<\/span>\n\t\t<\/div>\n\t\t\t\t\t\t<\/div>\n\t\t\t\t<\/div>\n\t\t\t\t<div class=\"elementor-element elementor-element-b608dd8 elementor-widget elementor-widget-heading\" data-id=\"b608dd8\" data-element_type=\"widget\" data-e-type=\"widget\" data-widget_type=\"heading.default\">\n\t\t\t\t<div class=\"elementor-widget-container\">\n\t\t\t\t\t<h2 class=\"elementor-heading-title elementor-size-default\">Avalia\u00e7\u00e3o do Evento<\/h2>\t\t\t\t<\/div>\n\t\t\t\t<\/div>\n\t\t\t\t<div class=\"elementor-element elementor-element-7c2c2e1 elementor-align-center elementor-widget elementor-widget-button\" data-id=\"7c2c2e1\" data-element_type=\"widget\" data-e-type=\"widget\" data-widget_type=\"button.default\">\n\t\t\t\t<div class=\"elementor-widget-container\">\n\t\t\t\t\t\t\t\t\t<div class=\"elementor-button-wrapper\">\n\t\t\t\t\t<a class=\"elementor-button elementor-button-link elementor-size-sm\" href=\"https:\/\/forms.gle\/1CdYC2idBNZkcsCs7\" target=\"_blank\">\n\t\t\t\t\t\t<span class=\"elementor-button-content-wrapper\">\n\t\t\t\t\t\t\t\t\t<span class=\"elementor-button-text\">Preencher formul\u00e1rio<\/span>\n\t\t\t\t\t<\/span>\n\t\t\t\t\t<\/a>\n\t\t\t\t<\/div>\n\t\t\t\t\t\t\t\t<\/div>\n\t\t\t\t<\/div>\n\t\t\t\t<div class=\"elementor-element elementor-element-540eb6a elementor-widget elementor-widget-heading\" data-id=\"540eb6a\" data-element_type=\"widget\" data-e-type=\"widget\" data-widget_type=\"heading.default\">\n\t\t\t\t<div class=\"elementor-widget-container\">\n\t\t\t\t\t<h2 class=\"elementor-heading-title elementor-size-default\">Este formul\u00e1rio ser\u00e1 liberado no final do evento<\/h2>\t\t\t\t<\/div>\n\t\t\t\t<\/div>\n\t\t\t\t\t<\/div>\n\t\t<\/div>\n\t\t\t\t\t<\/div>\n\t\t<\/section>\n\t\t\t\t<section class=\"elementor-section elementor-top-section elementor-element elementor-element-2fbc2c6 elementor-section-boxed elementor-section-height-default elementor-section-height-default\" data-id=\"2fbc2c6\" data-element_type=\"section\" data-e-type=\"section\">\n\t\t\t\t\t\t<div class=\"elementor-container elementor-column-gap-default\">\n\t\t\t\t\t<div class=\"elementor-column elementor-col-100 elementor-top-column elementor-element elementor-element-876a7f5\" data-id=\"876a7f5\" data-element_type=\"column\" data-e-type=\"column\">\n\t\t\t<div class=\"elementor-widget-wrap elementor-element-populated\">\n\t\t\t\t\t\t<div class=\"elementor-element elementor-element-3cdd5e3 elementor-widget elementor-widget-spacer\" data-id=\"3cdd5e3\" data-element_type=\"widget\" data-e-type=\"widget\" data-widget_type=\"spacer.default\">\n\t\t\t\t<div class=\"elementor-widget-container\">\n\t\t\t\t\t\t\t<div class=\"elementor-spacer\">\n\t\t\t<div class=\"elementor-spacer-inner\"><\/div>\n\t\t<\/div>\n\t\t\t\t\t\t<\/div>\n\t\t\t\t<\/div>\n\t\t\t\t<div class=\"elementor-element elementor-element-8925768 elementor-widget elementor-widget-image\" data-id=\"8925768\" data-element_type=\"widget\" data-e-type=\"widget\" data-widget_type=\"image.default\">\n\t\t\t\t<div class=\"elementor-widget-container\">\n\t\t\t\t\t\t\t\t\t\t\t\t\t\t\t<img decoding=\"async\" width=\"768\" height=\"276\" data-src=\"https:\/\/goedertgroup.com.br\/wp-content\/uploads\/2025\/02\/ativo12312-53-768x276.png\" class=\"attachment-medium_large size-medium_large wp-image-1803 lazyload\" alt=\"\" data-srcset=\"https:\/\/goedertgroup.com.br\/wp-content\/uploads\/2025\/02\/ativo12312-53-768x276.png 768w, https:\/\/goedertgroup.com.br\/wp-content\/uploads\/2025\/02\/ativo12312-53-300x108.png 300w, https:\/\/goedertgroup.com.br\/wp-content\/uploads\/2025\/02\/ativo12312-53-1024x367.png 1024w, https:\/\/goedertgroup.com.br\/wp-content\/uploads\/2025\/02\/ativo12312-53-1536x551.png 1536w, https:\/\/goedertgroup.com.br\/wp-content\/uploads\/2025\/02\/ativo12312-53-18x6.png 18w, https:\/\/goedertgroup.com.br\/wp-content\/uploads\/2025\/02\/ativo12312-53.png 1920w\" data-sizes=\"(max-width: 768px) 100vw, 768px\" src=\"data:image\/svg+xml;base64,PHN2ZyB3aWR0aD0iMSIgaGVpZ2h0PSIxIiB4bWxucz0iaHR0cDovL3d3dy53My5vcmcvMjAwMC9zdmciPjwvc3ZnPg==\" style=\"--smush-placeholder-width: 768px; --smush-placeholder-aspect-ratio: 768\/276;\" \/>\t\t\t\t\t\t\t\t\t\t\t\t\t\t\t<\/div>\n\t\t\t\t<\/div>\n\t\t\t\t<div class=\"elementor-element elementor-element-5380e9a elementor-widget elementor-widget-spacer\" data-id=\"5380e9a\" data-element_type=\"widget\" data-e-type=\"widget\" data-widget_type=\"spacer.default\">\n\t\t\t\t<div class=\"elementor-widget-container\">\n\t\t\t\t\t\t\t<div class=\"elementor-spacer\">\n\t\t\t<div class=\"elementor-spacer-inner\"><\/div>\n\t\t<\/div>\n\t\t\t\t\t\t<\/div>\n\t\t\t\t<\/div>\n\t\t\t\t\t<\/div>\n\t\t<\/div>\n\t\t\t\t\t<\/div>\n\t\t<\/section>\n\t\t\t\t<\/div>","protected":false},"excerpt":{"rendered":"<p>Sugest\u00f5es Preencher formul\u00e1rio Pesquisa de Produtos Preencher formul\u00e1rio Avalia\u00e7\u00e3o do Evento Preencher formul\u00e1r ...","protected":false},"author":2,"featured_media":0,"parent":0,"menu_order":0,"comment_status":"closed","ping_status":"closed","template":"","meta":{"_acf_changed":false,"footnotes":""},"class_list":["post-1772","page","type-page","status-publish","hentry"],"acf":[],"yoast_head":"<!-- This site is optimized with the Yoast SEO plugin v27.3 - https:\/\/yoast.com\/product\/yoast-seo-wordpress\/ -->\n<title>Conven\u00e7\u00e3o 2025 - Pesquisa - Goedert Group<\/title>\n<meta name=\"robots\" content=\"index, follow, max-snippet:-1, max-image-preview:large, max-video-preview:-1\" \/>\n<link rel=\"canonical\" href=\"https:\/\/goedertgroup.com\/en\/convencao-2025-pesquisa\/\" \/>\n<meta property=\"og:locale\" content=\"en_US\" \/>\n<meta property=\"og:type\" content=\"article\" \/>\n<meta property=\"og:title\" content=\"Conven\u00e7\u00e3o 2025 - Pesquisa - Goedert Group\" \/>\n<meta property=\"og:description\" content=\"Sugest\u00f5es Preencher formul\u00e1rio Pesquisa de Produtos Preencher formul\u00e1rio Avalia\u00e7\u00e3o do Evento Preencher formul\u00e1rio Este formul\u00e1rio ser\u00e1 liberado no final do evento\" \/>\n<meta property=\"og:url\" content=\"https:\/\/goedertgroup.com\/en\/convencao-2025-pesquisa\/\" \/>\n<meta property=\"og:site_name\" content=\"Goedert Group\" \/>\n<meta property=\"article:modified_time\" content=\"2025-02-10T12:56:09+00:00\" \/>\n<meta property=\"og:image\" content=\"http:\/\/goedertgroup.com\/wp-content\/uploads\/2025\/02\/imagem-telao-com-marcar-e1738844220757-768x110.png\" \/>\n<meta name=\"twitter:card\" content=\"summary_large_image\" \/>\n<meta name=\"twitter:label1\" content=\"Est. reading time\" \/>\n\t<meta name=\"twitter:data1\" content=\"1 minute\" \/>\n<script type=\"application\/ld+json\" class=\"yoast-schema-graph\">{\"@context\":\"https:\\\/\\\/schema.org\",\"@graph\":[{\"@type\":\"WebPage\",\"@id\":\"https:\\\/\\\/goedertgroup.com\\\/en\\\/convencao-2025-pesquisa\\\/\",\"url\":\"https:\\\/\\\/goedertgroup.com\\\/en\\\/convencao-2025-pesquisa\\\/\",\"name\":\"Conven\u00e7\u00e3o 2025 - Pesquisa - Goedert Group\",\"isPartOf\":{\"@id\":\"https:\\\/\\\/goedertgroup.com\\\/#website\"},\"primaryImageOfPage\":{\"@id\":\"https:\\\/\\\/goedertgroup.com\\\/en\\\/convencao-2025-pesquisa\\\/#primaryimage\"},\"image\":{\"@id\":\"https:\\\/\\\/goedertgroup.com\\\/en\\\/convencao-2025-pesquisa\\\/#primaryimage\"},\"thumbnailUrl\":\"http:\\\/\\\/goedertgroup.com\\\/wp-content\\\/uploads\\\/2025\\\/02\\\/imagem-telao-com-marcar-e1738844220757-768x110.png\",\"datePublished\":\"2025-02-03T14:46:24+00:00\",\"dateModified\":\"2025-02-10T12:56:09+00:00\",\"breadcrumb\":{\"@id\":\"https:\\\/\\\/goedertgroup.com\\\/en\\\/convencao-2025-pesquisa\\\/#breadcrumb\"},\"inLanguage\":\"en-US\",\"potentialAction\":[{\"@type\":\"ReadAction\",\"target\":[\"https:\\\/\\\/goedertgroup.com\\\/en\\\/convencao-2025-pesquisa\\\/\"]}]},{\"@type\":\"ImageObject\",\"inLanguage\":\"en-US\",\"@id\":\"https:\\\/\\\/goedertgroup.com\\\/en\\\/convencao-2025-pesquisa\\\/#primaryimage\",\"url\":\"http:\\\/\\\/goedertgroup.com\\\/wp-content\\\/uploads\\\/2025\\\/02\\\/imagem-telao-com-marcar-e1738844220757-768x110.png\",\"contentUrl\":\"http:\\\/\\\/goedertgroup.com\\\/wp-content\\\/uploads\\\/2025\\\/02\\\/imagem-telao-com-marcar-e1738844220757-768x110.png\"},{\"@type\":\"BreadcrumbList\",\"@id\":\"https:\\\/\\\/goedertgroup.com\\\/en\\\/convencao-2025-pesquisa\\\/#breadcrumb\",\"itemListElement\":[{\"@type\":\"ListItem\",\"position\":1,\"name\":\"In\u00edcio\",\"item\":\"https:\\\/\\\/goedertgroup.com\\\/\"},{\"@type\":\"ListItem\",\"position\":2,\"name\":\"Conven\u00e7\u00e3o 2025 &#8211; Pesquisa\"}]},{\"@type\":\"WebSite\",\"@id\":\"https:\\\/\\\/goedertgroup.com\\\/#website\",\"url\":\"https:\\\/\\\/goedertgroup.com\\\/\",\"name\":\"Goedert Group\",\"description\":\"Qualidade em Higiene\",\"potentialAction\":[{\"@type\":\"SearchAction\",\"target\":{\"@type\":\"EntryPoint\",\"urlTemplate\":\"https:\\\/\\\/goedertgroup.com\\\/?s={search_term_string}\"},\"query-input\":{\"@type\":\"PropertyValueSpecification\",\"valueRequired\":true,\"valueName\":\"search_term_string\"}}],\"inLanguage\":\"en-US\"}]}<\/script>\n<!-- \/ Yoast SEO plugin. -->","yoast_head_json":{"title":"Conven\u00e7\u00e3o 2025 - Pesquisa - Goedert Group","robots":{"index":"index","follow":"follow","max-snippet":"max-snippet:-1","max-image-preview":"max-image-preview:large","max-video-preview":"max-video-preview:-1"},"canonical":"https:\/\/goedertgroup.com\/en\/convencao-2025-pesquisa\/","og_locale":"en_US","og_type":"article","og_title":"Conven\u00e7\u00e3o 2025 - Pesquisa - Goedert Group","og_description":"Sugest\u00f5es Preencher formul\u00e1rio Pesquisa de Produtos Preencher formul\u00e1rio Avalia\u00e7\u00e3o do Evento Preencher formul\u00e1rio Este formul\u00e1rio ser\u00e1 liberado no final do evento","og_url":"https:\/\/goedertgroup.com\/en\/convencao-2025-pesquisa\/","og_site_name":"Goedert Group","article_modified_time":"2025-02-10T12:56:09+00:00","og_image":[{"url":"http:\/\/goedertgroup.com\/wp-content\/uploads\/2025\/02\/imagem-telao-com-marcar-e1738844220757-768x110.png","type":"","width":"","height":""}],"twitter_card":"summary_large_image","twitter_misc":{"Est. reading time":"1 minute"},"schema":{"@context":"https:\/\/schema.org","@graph":[{"@type":"WebPage","@id":"https:\/\/goedertgroup.com\/en\/convencao-2025-pesquisa\/","url":"https:\/\/goedertgroup.com\/en\/convencao-2025-pesquisa\/","name":"Conven\u00e7\u00e3o 2025 - Pesquisa - Goedert Group","isPartOf":{"@id":"https:\/\/goedertgroup.com\/#website"},"primaryImageOfPage":{"@id":"https:\/\/goedertgroup.com\/en\/convencao-2025-pesquisa\/#primaryimage"},"image":{"@id":"https:\/\/goedertgroup.com\/en\/convencao-2025-pesquisa\/#primaryimage"},"thumbnailUrl":"http:\/\/goedertgroup.com\/wp-content\/uploads\/2025\/02\/imagem-telao-com-marcar-e1738844220757-768x110.png","datePublished":"2025-02-03T14:46:24+00:00","dateModified":"2025-02-10T12:56:09+00:00","breadcrumb":{"@id":"https:\/\/goedertgroup.com\/en\/convencao-2025-pesquisa\/#breadcrumb"},"inLanguage":"en-US","potentialAction":[{"@type":"ReadAction","target":["https:\/\/goedertgroup.com\/en\/convencao-2025-pesquisa\/"]}]},{"@type":"ImageObject","inLanguage":"en-US","@id":"https:\/\/goedertgroup.com\/en\/convencao-2025-pesquisa\/#primaryimage","url":"http:\/\/goedertgroup.com\/wp-content\/uploads\/2025\/02\/imagem-telao-com-marcar-e1738844220757-768x110.png","contentUrl":"http:\/\/goedertgroup.com\/wp-content\/uploads\/2025\/02\/imagem-telao-com-marcar-e1738844220757-768x110.png"},{"@type":"BreadcrumbList","@id":"https:\/\/goedertgroup.com\/en\/convencao-2025-pesquisa\/#breadcrumb","itemListElement":[{"@type":"ListItem","position":1,"name":"In\u00edcio","item":"https:\/\/goedertgroup.com\/"},{"@type":"ListItem","position":2,"name":"Conven\u00e7\u00e3o 2025 &#8211; Pesquisa"}]},{"@type":"WebSite","@id":"https:\/\/goedertgroup.com\/#website","url":"https:\/\/goedertgroup.com\/","name":"Goedert Group","description":"Qualidade em Higiene","potentialAction":[{"@type":"SearchAction","target":{"@type":"EntryPoint","urlTemplate":"https:\/\/goedertgroup.com\/?s={search_term_string}"},"query-input":{"@type":"PropertyValueSpecification","valueRequired":true,"valueName":"search_term_string"}}],"inLanguage":"en-US"}]}},"_links":{"self":[{"href":"https:\/\/goedertgroup.com.br\/en\/wp-json\/wp\/v2\/pages\/1772","targetHints":{"allow":["GET"]}}],"collection":[{"href":"https:\/\/goedertgroup.com.br\/en\/wp-json\/wp\/v2\/pages"}],"about":[{"href":"https:\/\/goedertgroup.com.br\/en\/wp-json\/wp\/v2\/types\/page"}],"author":[{"embeddable":true,"href":"https:\/\/goedertgroup.com.br\/en\/wp-json\/wp\/v2\/users\/2"}],"replies":[{"embeddable":true,"href":"https:\/\/goedertgroup.com.br\/en\/wp-json\/wp\/v2\/comments?post=1772"}],"version-history":[{"count":46,"href":"https:\/\/goedertgroup.com.br\/en\/wp-json\/wp\/v2\/pages\/1772\/revisions"}],"predecessor-version":[{"id":1827,"href":"https:\/\/goedertgroup.com.br\/en\/wp-json\/wp\/v2\/pages\/1772\/revisions\/1827"}],"wp:attachment":[{"href":"https:\/\/goedertgroup.com.br\/en\/wp-json\/wp\/v2\/media?parent=1772"}],"curies":[{"name":"wp","href":"https:\/\/api.w.org\/{rel}","templated":true}]}}