{"id":2025,"date":"2025-10-02T10:12:41","date_gmt":"2025-10-02T13:12:41","guid":{"rendered":"https:\/\/goedertgroup.com\/?page_id=2025"},"modified":"2025-10-09T10:58:14","modified_gmt":"2025-10-09T13:58:14","slug":"convencao-2026","status":"publish","type":"page","link":"https:\/\/goedertgroup.com.br\/en\/convencao-2026\/","title":{"rendered":"Conven\u00e7\u00e3o 2026"},"content":{"rendered":"<div data-elementor-type=\"wp-page\" data-elementor-id=\"2025\" class=\"elementor elementor-2025\">\n\t\t\t\t\t\t<section class=\"elementor-section elementor-top-section elementor-element elementor-element-8d1758b elementor-section-boxed elementor-section-height-default elementor-section-height-default\" data-id=\"8d1758b\" data-element_type=\"section\" data-e-type=\"section\">\n\t\t\t\t\t\t<div class=\"elementor-container elementor-column-gap-default\">\n\t\t\t\t\t<div class=\"elementor-column elementor-col-100 elementor-top-column elementor-element elementor-element-cddbd35\" data-id=\"cddbd35\" data-element_type=\"column\" data-e-type=\"column\">\n\t\t\t<div class=\"elementor-widget-wrap elementor-element-populated\">\n\t\t\t\t\t\t<div class=\"elementor-element elementor-element-bc94281 elementor-widget elementor-widget-image\" data-id=\"bc94281\" data-element_type=\"widget\" data-e-type=\"widget\" data-widget_type=\"image.default\">\n\t\t\t\t<div class=\"elementor-widget-container\">\n\t\t\t\t\t\t\t\t\t\t\t\t\t\t\t<img fetchpriority=\"high\" decoding=\"async\" width=\"1024\" height=\"213\" src=\"https:\/\/goedertgroup.com.br\/wp-content\/uploads\/2025\/10\/save-the-data-banner-topo-1024x213.jpg\" class=\"attachment-large size-large wp-image-2032\" alt=\"\" srcset=\"https:\/\/goedertgroup.com.br\/wp-content\/uploads\/2025\/10\/save-the-data-banner-topo-1024x213.jpg 1024w, https:\/\/goedertgroup.com.br\/wp-content\/uploads\/2025\/10\/save-the-data-banner-topo-300x63.jpg 300w, https:\/\/goedertgroup.com.br\/wp-content\/uploads\/2025\/10\/save-the-data-banner-topo-768x160.jpg 768w, https:\/\/goedertgroup.com.br\/wp-content\/uploads\/2025\/10\/save-the-data-banner-topo-1536x320.jpg 1536w, https:\/\/goedertgroup.com.br\/wp-content\/uploads\/2025\/10\/save-the-data-banner-topo-18x4.jpg 18w, https:\/\/goedertgroup.com.br\/wp-content\/uploads\/2025\/10\/save-the-data-banner-topo.jpg 1920w\" sizes=\"(max-width: 1024px) 100vw, 1024px\" \/>\t\t\t\t\t\t\t\t\t\t\t\t\t\t\t<\/div>\n\t\t\t\t<\/div>\n\t\t\t\t\t<\/div>\n\t\t<\/div>\n\t\t\t\t\t<\/div>\n\t\t<\/section>\n\t\t\t\t<section class=\"elementor-section elementor-top-section elementor-element elementor-element-f09ca86 elementor-section-boxed elementor-section-height-default elementor-section-height-default\" data-id=\"f09ca86\" data-element_type=\"section\" data-e-type=\"section\">\n\t\t\t\t\t\t<div class=\"elementor-container elementor-column-gap-default\">\n\t\t\t\t\t<div class=\"elementor-column elementor-col-100 elementor-top-column elementor-element elementor-element-a004b06\" data-id=\"a004b06\" data-element_type=\"column\" data-e-type=\"column\">\n\t\t\t<div class=\"elementor-widget-wrap elementor-element-populated\">\n\t\t\t\t\t\t<div class=\"elementor-element elementor-element-909f6d1 elementor-widget elementor-widget-heading\" data-id=\"909f6d1\" data-element_type=\"widget\" data-e-type=\"widget\" data-widget_type=\"heading.default\">\n\t\t\t\t<div class=\"elementor-widget-container\">\n\t\t\t\t\t<h1 class=\"elementor-heading-title elementor-size-default\">CONFIRME SUA PRESEN\u00c7A AT\u00c9 15 DE NOVEMBRO<\/h1>\t\t\t\t<\/div>\n\t\t\t\t<\/div>\n\t\t\t\t\t<\/div>\n\t\t<\/div>\n\t\t\t\t\t<\/div>\n\t\t<\/section>\n\t\t\t\t<section class=\"elementor-section elementor-top-section elementor-element elementor-element-1f98c7d elementor-section-boxed elementor-section-height-default elementor-section-height-default\" data-id=\"1f98c7d\" data-element_type=\"section\" data-e-type=\"section\">\n\t\t\t\t\t\t<div class=\"elementor-container elementor-column-gap-default\">\n\t\t\t\t\t<div class=\"elementor-column elementor-col-100 elementor-top-column elementor-element elementor-element-450359c\" data-id=\"450359c\" data-element_type=\"column\" data-e-type=\"column\">\n\t\t\t<div class=\"elementor-widget-wrap elementor-element-populated\">\n\t\t\t\t\t\t<div class=\"elementor-element elementor-element-13141f1 elementor-widget elementor-widget-html\" data-id=\"13141f1\" data-element_type=\"widget\" data-e-type=\"widget\" data-widget_type=\"html.default\">\n\t\t\t\t<div class=\"elementor-widget-container\">\n\t\t\t\t\t<iframe width=\"640px\" height=\"800px\" data-src=\"https:\/\/forms.office.com\/Pages\/ResponsePage.aspx?id=qc7CzSHt9UydoTiH7o093URmovvwOExLho_2P76S-_tUMDE4TjBaRFc0NVZZMlk2M0swNzFXWjlFOS4u&embed=true\" frameborder=\"0\" marginwidth=\"0\" marginheight=\"0\" style=\"border: none; max-width:100%; max-height:100vh\" allowfullscreen webkitallowfullscreen mozallowfullscreen msallowfullscreen src=\"data:image\/svg+xml;base64,PHN2ZyB3aWR0aD0iMSIgaGVpZ2h0PSIxIiB4bWxucz0iaHR0cDovL3d3dy53My5vcmcvMjAwMC9zdmciPjwvc3ZnPg==\" class=\"lazyload\" data-load-mode=\"1\"> <\/iframe>\t\t\t\t<\/div>\n\t\t\t\t<\/div>\n\t\t\t\t\t<\/div>\n\t\t<\/div>\n\t\t\t\t\t<\/div>\n\t\t<\/section>\n\t\t\t\t<section class=\"elementor-section elementor-top-section elementor-element elementor-element-3fb8b0f elementor-section-boxed elementor-section-height-default elementor-section-height-default\" data-id=\"3fb8b0f\" data-element_type=\"section\" data-e-type=\"section\">\n\t\t\t\t\t\t<div class=\"elementor-container elementor-column-gap-default\">\n\t\t\t\t\t<div class=\"elementor-column elementor-col-33 elementor-top-column elementor-element elementor-element-c22daa7\" data-id=\"c22daa7\" data-element_type=\"column\" data-e-type=\"column\">\n\t\t\t<div class=\"elementor-widget-wrap elementor-element-populated\">\n\t\t\t\t\t\t<div class=\"elementor-element elementor-element-1f412ea elementor-widget elementor-widget-heading\" data-id=\"1f412ea\" data-element_type=\"widget\" data-e-type=\"widget\" data-widget_type=\"heading.default\">\n\t\t\t\t<div class=\"elementor-widget-container\">\n\t\t\t\t\t<h2 class=\"elementor-heading-title elementor-size-default\"><u><b>Informa\u00e7\u00f5es Importantes:<br><\/b><\/u><br>A Goedert ser\u00e1 respons\u00e1vel pelo hotel dos participantes, assim como o almo\u00e7o dos dias 06 e 07.<br><br>Despesas de transporte, frigobar e demais alimenta\u00e7\u00f5es s\u00e3o de responsabilidade dos participantes.<\/h2>\t\t\t\t<\/div>\n\t\t\t\t<\/div>\n\t\t\t\t\t<\/div>\n\t\t<\/div>\n\t\t\t\t<div class=\"elementor-column elementor-col-33 elementor-top-column elementor-element elementor-element-474ab1f\" data-id=\"474ab1f\" data-element_type=\"column\" data-e-type=\"column\">\n\t\t\t<div class=\"elementor-widget-wrap elementor-element-populated\">\n\t\t\t\t\t\t\t<\/div>\n\t\t<\/div>\n\t\t\t\t<div class=\"elementor-column elementor-col-33 elementor-top-column elementor-element elementor-element-705a9d5\" data-id=\"705a9d5\" data-element_type=\"column\" data-e-type=\"column\">\n\t\t\t<div class=\"elementor-widget-wrap elementor-element-populated\">\n\t\t\t\t\t\t<div class=\"elementor-element elementor-element-6f11468 elementor-widget__width-initial elementor-widget elementor-widget-heading\" data-id=\"6f11468\" data-element_type=\"widget\" data-e-type=\"widget\" data-widget_type=\"heading.default\">\n\t\t\t\t<div class=\"elementor-widget-container\">\n\t\t\t\t\t<h2 class=\"elementor-heading-title elementor-size-default\"><u><b>Agenda Especial:<br><\/b><\/u><br>Dia 05: Per\u00edodo da tarde<br><br>Dia 06: Manh\u00e3 e tarde<br><br>Dia 07: Manh\u00e3 e tarde<\/h2>\t\t\t\t<\/div>\n\t\t\t\t<\/div>\n\t\t\t\t\t<\/div>\n\t\t<\/div>\n\t\t\t\t\t<\/div>\n\t\t<\/section>\n\t\t\t\t<\/div>","protected":false},"excerpt":{"rendered":"<p>CONFIRME SUA PRESEN\u00c7A AT\u00c9 15 DE NOVEMBRO Informa\u00e7\u00f5es Importantes:A Goedert ser\u00e1 respons\u00e1vel pelo hotel dos part ...","protected":false},"author":2,"featured_media":0,"parent":0,"menu_order":0,"comment_status":"closed","ping_status":"closed","template":"","meta":{"_acf_changed":false,"footnotes":""},"class_list":["post-2025","page","type-page","status-publish","hentry"],"acf":[],"yoast_head":"<!-- This site is optimized with the Yoast SEO plugin v27.5 - https:\/\/yoast.com\/product\/yoast-seo-wordpress\/ -->\n<title>Conven\u00e7\u00e3o 2026 - Goedert Group<\/title>\n<meta name=\"robots\" content=\"index, follow, max-snippet:-1, max-image-preview:large, max-video-preview:-1\" \/>\n<link rel=\"canonical\" href=\"https:\/\/site.goedertgroup.com.br\/convencao-2026\/\" \/>\n<meta property=\"og:locale\" content=\"en_US\" \/>\n<meta property=\"og:type\" content=\"article\" \/>\n<meta property=\"og:title\" content=\"Conven\u00e7\u00e3o 2026 - Goedert Group\" \/>\n<meta property=\"og:description\" content=\"CONFIRME SUA PRESEN\u00c7A AT\u00c9 15 DE NOVEMBRO Informa\u00e7\u00f5es Importantes:A Goedert ser\u00e1 respons\u00e1vel pelo hotel dos participantes, assim como o almo\u00e7o dos dias 06 e 07. Despesas de transporte, frigobar e demais alimenta\u00e7\u00f5es s\u00e3o de responsabilidade dos participantes. Agenda Especial:Dia 05: Per\u00edodo da tarde Dia 06: Manh\u00e3 e tarde Dia 07: Manh\u00e3 e tarde\" \/>\n<meta property=\"og:url\" content=\"https:\/\/site.goedertgroup.com.br\/convencao-2026\/\" \/>\n<meta property=\"og:site_name\" content=\"Goedert Group\" \/>\n<meta property=\"article:modified_time\" content=\"2025-10-09T13:58:14+00:00\" \/>\n<meta property=\"og:image\" content=\"http:\/\/goedertgroup.com\/wp-content\/uploads\/2025\/10\/save-the-data-banner-topo-1024x213.jpg\" \/>\n<meta name=\"twitter:card\" content=\"summary_large_image\" \/>\n<meta name=\"twitter:label1\" content=\"Est. reading time\" \/>\n\t<meta name=\"twitter:data1\" content=\"1 minute\" \/>\n<script type=\"application\/ld+json\" class=\"yoast-schema-graph\">{\"@context\":\"https:\\\/\\\/schema.org\",\"@graph\":[{\"@type\":\"WebPage\",\"@id\":\"https:\\\/\\\/site.goedertgroup.com.br\\\/convencao-2026\\\/\",\"url\":\"https:\\\/\\\/site.goedertgroup.com.br\\\/convencao-2026\\\/\",\"name\":\"Conven\u00e7\u00e3o 2026 - Goedert Group\",\"isPartOf\":{\"@id\":\"https:\\\/\\\/goedertgroup.com\\\/#website\"},\"primaryImageOfPage\":{\"@id\":\"https:\\\/\\\/site.goedertgroup.com.br\\\/convencao-2026\\\/#primaryimage\"},\"image\":{\"@id\":\"https:\\\/\\\/site.goedertgroup.com.br\\\/convencao-2026\\\/#primaryimage\"},\"thumbnailUrl\":\"http:\\\/\\\/goedertgroup.com\\\/wp-content\\\/uploads\\\/2025\\\/10\\\/save-the-data-banner-topo-1024x213.jpg\",\"datePublished\":\"2025-10-02T13:12:41+00:00\",\"dateModified\":\"2025-10-09T13:58:14+00:00\",\"breadcrumb\":{\"@id\":\"https:\\\/\\\/site.goedertgroup.com.br\\\/convencao-2026\\\/#breadcrumb\"},\"inLanguage\":\"en-US\",\"potentialAction\":[{\"@type\":\"ReadAction\",\"target\":[\"https:\\\/\\\/site.goedertgroup.com.br\\\/convencao-2026\\\/\"]}]},{\"@type\":\"ImageObject\",\"inLanguage\":\"en-US\",\"@id\":\"https:\\\/\\\/site.goedertgroup.com.br\\\/convencao-2026\\\/#primaryimage\",\"url\":\"http:\\\/\\\/goedertgroup.com\\\/wp-content\\\/uploads\\\/2025\\\/10\\\/save-the-data-banner-topo-1024x213.jpg\",\"contentUrl\":\"http:\\\/\\\/goedertgroup.com\\\/wp-content\\\/uploads\\\/2025\\\/10\\\/save-the-data-banner-topo-1024x213.jpg\"},{\"@type\":\"BreadcrumbList\",\"@id\":\"https:\\\/\\\/site.goedertgroup.com.br\\\/convencao-2026\\\/#breadcrumb\",\"itemListElement\":[{\"@type\":\"ListItem\",\"position\":1,\"name\":\"In\u00edcio\",\"item\":\"https:\\\/\\\/goedertgroup.com\\\/\"},{\"@type\":\"ListItem\",\"position\":2,\"name\":\"Conven\u00e7\u00e3o 2026\"}]},{\"@type\":\"WebSite\",\"@id\":\"https:\\\/\\\/goedertgroup.com\\\/#website\",\"url\":\"https:\\\/\\\/goedertgroup.com\\\/\",\"name\":\"Goedert Group\",\"description\":\"Qualidade em Higiene\",\"potentialAction\":[{\"@type\":\"SearchAction\",\"target\":{\"@type\":\"EntryPoint\",\"urlTemplate\":\"https:\\\/\\\/goedertgroup.com\\\/?s={search_term_string}\"},\"query-input\":{\"@type\":\"PropertyValueSpecification\",\"valueRequired\":true,\"valueName\":\"search_term_string\"}}],\"inLanguage\":\"en-US\"}]}<\/script>\n<!-- \/ Yoast SEO plugin. -->","yoast_head_json":{"title":"Conven\u00e7\u00e3o 2026 - Goedert Group","robots":{"index":"index","follow":"follow","max-snippet":"max-snippet:-1","max-image-preview":"max-image-preview:large","max-video-preview":"max-video-preview:-1"},"canonical":"https:\/\/site.goedertgroup.com.br\/convencao-2026\/","og_locale":"en_US","og_type":"article","og_title":"Conven\u00e7\u00e3o 2026 - Goedert Group","og_description":"CONFIRME SUA PRESEN\u00c7A AT\u00c9 15 DE NOVEMBRO Informa\u00e7\u00f5es Importantes:A Goedert ser\u00e1 respons\u00e1vel pelo hotel dos participantes, assim como o almo\u00e7o dos dias 06 e 07. Despesas de transporte, frigobar e demais alimenta\u00e7\u00f5es s\u00e3o de responsabilidade dos participantes. Agenda Especial:Dia 05: Per\u00edodo da tarde Dia 06: Manh\u00e3 e tarde Dia 07: Manh\u00e3 e tarde","og_url":"https:\/\/site.goedertgroup.com.br\/convencao-2026\/","og_site_name":"Goedert Group","article_modified_time":"2025-10-09T13:58:14+00:00","og_image":[{"url":"http:\/\/goedertgroup.com\/wp-content\/uploads\/2025\/10\/save-the-data-banner-topo-1024x213.jpg","type":"","width":"","height":""}],"twitter_card":"summary_large_image","twitter_misc":{"Est. reading time":"1 minute"},"schema":{"@context":"https:\/\/schema.org","@graph":[{"@type":"WebPage","@id":"https:\/\/site.goedertgroup.com.br\/convencao-2026\/","url":"https:\/\/site.goedertgroup.com.br\/convencao-2026\/","name":"Conven\u00e7\u00e3o 2026 - Goedert Group","isPartOf":{"@id":"https:\/\/goedertgroup.com\/#website"},"primaryImageOfPage":{"@id":"https:\/\/site.goedertgroup.com.br\/convencao-2026\/#primaryimage"},"image":{"@id":"https:\/\/site.goedertgroup.com.br\/convencao-2026\/#primaryimage"},"thumbnailUrl":"http:\/\/goedertgroup.com\/wp-content\/uploads\/2025\/10\/save-the-data-banner-topo-1024x213.jpg","datePublished":"2025-10-02T13:12:41+00:00","dateModified":"2025-10-09T13:58:14+00:00","breadcrumb":{"@id":"https:\/\/site.goedertgroup.com.br\/convencao-2026\/#breadcrumb"},"inLanguage":"en-US","potentialAction":[{"@type":"ReadAction","target":["https:\/\/site.goedertgroup.com.br\/convencao-2026\/"]}]},{"@type":"ImageObject","inLanguage":"en-US","@id":"https:\/\/site.goedertgroup.com.br\/convencao-2026\/#primaryimage","url":"http:\/\/goedertgroup.com\/wp-content\/uploads\/2025\/10\/save-the-data-banner-topo-1024x213.jpg","contentUrl":"http:\/\/goedertgroup.com\/wp-content\/uploads\/2025\/10\/save-the-data-banner-topo-1024x213.jpg"},{"@type":"BreadcrumbList","@id":"https:\/\/site.goedertgroup.com.br\/convencao-2026\/#breadcrumb","itemListElement":[{"@type":"ListItem","position":1,"name":"In\u00edcio","item":"https:\/\/goedertgroup.com\/"},{"@type":"ListItem","position":2,"name":"Conven\u00e7\u00e3o 2026"}]},{"@type":"WebSite","@id":"https:\/\/goedertgroup.com\/#website","url":"https:\/\/goedertgroup.com\/","name":"Goedert Group","description":"Qualidade em Higiene","potentialAction":[{"@type":"SearchAction","target":{"@type":"EntryPoint","urlTemplate":"https:\/\/goedertgroup.com\/?s={search_term_string}"},"query-input":{"@type":"PropertyValueSpecification","valueRequired":true,"valueName":"search_term_string"}}],"inLanguage":"en-US"}]}},"_links":{"self":[{"href":"https:\/\/goedertgroup.com.br\/en\/wp-json\/wp\/v2\/pages\/2025","targetHints":{"allow":["GET"]}}],"collection":[{"href":"https:\/\/goedertgroup.com.br\/en\/wp-json\/wp\/v2\/pages"}],"about":[{"href":"https:\/\/goedertgroup.com.br\/en\/wp-json\/wp\/v2\/types\/page"}],"author":[{"embeddable":true,"href":"https:\/\/goedertgroup.com.br\/en\/wp-json\/wp\/v2\/users\/2"}],"replies":[{"embeddable":true,"href":"https:\/\/goedertgroup.com.br\/en\/wp-json\/wp\/v2\/comments?post=2025"}],"version-history":[{"count":15,"href":"https:\/\/goedertgroup.com.br\/en\/wp-json\/wp\/v2\/pages\/2025\/revisions"}],"predecessor-version":[{"id":2043,"href":"https:\/\/goedertgroup.com.br\/en\/wp-json\/wp\/v2\/pages\/2025\/revisions\/2043"}],"wp:attachment":[{"href":"https:\/\/goedertgroup.com.br\/en\/wp-json\/wp\/v2\/media?parent=2025"}],"curies":[{"name":"wp","href":"https:\/\/api.w.org\/{rel}","templated":true}]}}