{"id":300,"date":"2021-06-28T15:58:25","date_gmt":"2021-06-28T18:58:25","guid":{"rendered":"http:\/\/goedertgroup.com\/?page_id=300"},"modified":"2021-07-12T11:21:20","modified_gmt":"2021-07-12T14:21:20","slug":"industria","status":"publish","type":"page","link":"https:\/\/goedertgroup.com.br\/en\/industria\/","title":{"rendered":"Industry"},"content":{"rendered":"<p>The flagship of the Goedert Group is our industry. So much so that in 2020 alone, more than R$ 8 million were invested in its expansion. Located in Greater Florian\u00f3polis, where we manufacture most of the Nobre brand products and dispensers, squeegees, aluminum handles, among other hygiene, cleaning and protection items.<\/p>\n<p>There are more than 3 thousand items manufactured. Last year, around 18 million products were distributed to more than 7,500 points of sale located in Brazil and Mercosur countries.<\/p>\n<p>It is also through our industrial park that we generate employment and income for nearly 600 employees, contribute with sustainable actions and transform raw materials into care and protection for thousands of Brazilian homes and companies. After all, our mission is to take care of Brazil!<\/p>","protected":false},"excerpt":{"rendered":"<p>O carro-chefe do Goedert Group \u00e9 a nossa ind\u00fastria. Tanto que somente em 2020 foram investidos mais de R$ 8 milh\u00f5e ...","protected":false},"author":1,"featured_media":384,"parent":0,"menu_order":0,"comment_status":"closed","ping_status":"closed","template":"template-negocios.php","meta":{"_acf_changed":false,"footnotes":""},"class_list":["post-300","page","type-page","status-publish","has-post-thumbnail","hentry"],"acf":[],"yoast_head":"<!-- This site is optimized with the Yoast SEO plugin v27.3 - https:\/\/yoast.com\/product\/yoast-seo-wordpress\/ -->\n<title>Ind\u00fastria - Goedert Group<\/title>\n<meta name=\"robots\" content=\"index, follow, max-snippet:-1, max-image-preview:large, max-video-preview:-1\" \/>\n<link rel=\"canonical\" href=\"https:\/\/goedertgroup.com\/en\/industria\/\" \/>\n<meta property=\"og:locale\" content=\"en_US\" \/>\n<meta property=\"og:type\" content=\"article\" \/>\n<meta property=\"og:title\" content=\"Ind\u00fastria - Goedert Group\" \/>\n<meta property=\"og:description\" content=\"O carro-chefe do Goedert Group \u00e9 a nossa ind\u00fastria. Tanto que somente em 2020 foram investidos mais de R$ 8 milh\u00f5es na sua amplia\u00e7\u00e3o.\u00a0Localizada na Grande Florian\u00f3polis, onde fabricamos boa parte dos produtos da marca Nobre e de dispensadores, rodos, cabos de alum\u00ednio, entre outros itens de higiene, limpeza e prote\u00e7\u00e3o. S\u00e3o mais de 3Ler mais\" \/>\n<meta property=\"og:url\" content=\"https:\/\/goedertgroup.com\/en\/industria\/\" \/>\n<meta property=\"og:site_name\" content=\"Goedert Group\" \/>\n<meta property=\"article:modified_time\" content=\"2021-07-12T14:21:20+00:00\" \/>\n<meta property=\"og:image\" content=\"https:\/\/goedertgroup.com\/wp-content\/uploads\/2021\/07\/fotos-pag-industria.jpg\" \/>\n\t<meta property=\"og:image:width\" content=\"752\" \/>\n\t<meta property=\"og:image:height\" content=\"582\" \/>\n\t<meta property=\"og:image:type\" content=\"image\/jpeg\" \/>\n<meta name=\"twitter:card\" content=\"summary_large_image\" \/>\n<meta name=\"twitter:label1\" content=\"Est. reading time\" \/>\n\t<meta name=\"twitter:data1\" content=\"1 minute\" \/>\n<script type=\"application\/ld+json\" class=\"yoast-schema-graph\">{\"@context\":\"https:\\\/\\\/schema.org\",\"@graph\":[{\"@type\":\"WebPage\",\"@id\":\"https:\\\/\\\/goedertgroup.com\\\/en\\\/industria\\\/\",\"url\":\"https:\\\/\\\/goedertgroup.com\\\/en\\\/industria\\\/\",\"name\":\"Ind\u00fastria - Goedert Group\",\"isPartOf\":{\"@id\":\"https:\\\/\\\/goedertgroup.com\\\/#website\"},\"primaryImageOfPage\":{\"@id\":\"https:\\\/\\\/goedertgroup.com\\\/en\\\/industria\\\/#primaryimage\"},\"image\":{\"@id\":\"https:\\\/\\\/goedertgroup.com\\\/en\\\/industria\\\/#primaryimage\"},\"thumbnailUrl\":\"https:\\\/\\\/goedertgroup.com.br\\\/wp-content\\\/uploads\\\/2021\\\/07\\\/fotos-pag-industria.jpg\",\"datePublished\":\"2021-06-28T18:58:25+00:00\",\"dateModified\":\"2021-07-12T14:21:20+00:00\",\"breadcrumb\":{\"@id\":\"https:\\\/\\\/goedertgroup.com\\\/en\\\/industria\\\/#breadcrumb\"},\"inLanguage\":\"en-US\",\"potentialAction\":[{\"@type\":\"ReadAction\",\"target\":[\"https:\\\/\\\/goedertgroup.com\\\/en\\\/industria\\\/\"]}]},{\"@type\":\"ImageObject\",\"inLanguage\":\"en-US\",\"@id\":\"https:\\\/\\\/goedertgroup.com\\\/en\\\/industria\\\/#primaryimage\",\"url\":\"https:\\\/\\\/goedertgroup.com.br\\\/wp-content\\\/uploads\\\/2021\\\/07\\\/fotos-pag-industria.jpg\",\"contentUrl\":\"https:\\\/\\\/goedertgroup.com.br\\\/wp-content\\\/uploads\\\/2021\\\/07\\\/fotos-pag-industria.jpg\",\"width\":752,\"height\":582},{\"@type\":\"BreadcrumbList\",\"@id\":\"https:\\\/\\\/goedertgroup.com\\\/en\\\/industria\\\/#breadcrumb\",\"itemListElement\":[{\"@type\":\"ListItem\",\"position\":1,\"name\":\"In\u00edcio\",\"item\":\"https:\\\/\\\/goedertgroup.com\\\/\"},{\"@type\":\"ListItem\",\"position\":2,\"name\":\"Ind\u00fastria\"}]},{\"@type\":\"WebSite\",\"@id\":\"https:\\\/\\\/goedertgroup.com\\\/#website\",\"url\":\"https:\\\/\\\/goedertgroup.com\\\/\",\"name\":\"Goedert Group\",\"description\":\"Qualidade em Higiene\",\"potentialAction\":[{\"@type\":\"SearchAction\",\"target\":{\"@type\":\"EntryPoint\",\"urlTemplate\":\"https:\\\/\\\/goedertgroup.com\\\/?s={search_term_string}\"},\"query-input\":{\"@type\":\"PropertyValueSpecification\",\"valueRequired\":true,\"valueName\":\"search_term_string\"}}],\"inLanguage\":\"en-US\"}]}<\/script>\n<!-- \/ Yoast SEO plugin. -->","yoast_head_json":{"title":"Ind\u00fastria - Goedert Group","robots":{"index":"index","follow":"follow","max-snippet":"max-snippet:-1","max-image-preview":"max-image-preview:large","max-video-preview":"max-video-preview:-1"},"canonical":"https:\/\/goedertgroup.com\/en\/industria\/","og_locale":"en_US","og_type":"article","og_title":"Ind\u00fastria - Goedert Group","og_description":"O carro-chefe do Goedert Group \u00e9 a nossa ind\u00fastria. Tanto que somente em 2020 foram investidos mais de R$ 8 milh\u00f5es na sua amplia\u00e7\u00e3o.\u00a0Localizada na Grande Florian\u00f3polis, onde fabricamos boa parte dos produtos da marca Nobre e de dispensadores, rodos, cabos de alum\u00ednio, entre outros itens de higiene, limpeza e prote\u00e7\u00e3o. S\u00e3o mais de 3Ler mais","og_url":"https:\/\/goedertgroup.com\/en\/industria\/","og_site_name":"Goedert Group","article_modified_time":"2021-07-12T14:21:20+00:00","og_image":[{"width":752,"height":582,"url":"https:\/\/goedertgroup.com\/wp-content\/uploads\/2021\/07\/fotos-pag-industria.jpg","type":"image\/jpeg"}],"twitter_card":"summary_large_image","twitter_misc":{"Est. reading time":"1 minute"},"schema":{"@context":"https:\/\/schema.org","@graph":[{"@type":"WebPage","@id":"https:\/\/goedertgroup.com\/en\/industria\/","url":"https:\/\/goedertgroup.com\/en\/industria\/","name":"Ind\u00fastria - Goedert Group","isPartOf":{"@id":"https:\/\/goedertgroup.com\/#website"},"primaryImageOfPage":{"@id":"https:\/\/goedertgroup.com\/en\/industria\/#primaryimage"},"image":{"@id":"https:\/\/goedertgroup.com\/en\/industria\/#primaryimage"},"thumbnailUrl":"https:\/\/goedertgroup.com.br\/wp-content\/uploads\/2021\/07\/fotos-pag-industria.jpg","datePublished":"2021-06-28T18:58:25+00:00","dateModified":"2021-07-12T14:21:20+00:00","breadcrumb":{"@id":"https:\/\/goedertgroup.com\/en\/industria\/#breadcrumb"},"inLanguage":"en-US","potentialAction":[{"@type":"ReadAction","target":["https:\/\/goedertgroup.com\/en\/industria\/"]}]},{"@type":"ImageObject","inLanguage":"en-US","@id":"https:\/\/goedertgroup.com\/en\/industria\/#primaryimage","url":"https:\/\/goedertgroup.com.br\/wp-content\/uploads\/2021\/07\/fotos-pag-industria.jpg","contentUrl":"https:\/\/goedertgroup.com.br\/wp-content\/uploads\/2021\/07\/fotos-pag-industria.jpg","width":752,"height":582},{"@type":"BreadcrumbList","@id":"https:\/\/goedertgroup.com\/en\/industria\/#breadcrumb","itemListElement":[{"@type":"ListItem","position":1,"name":"In\u00edcio","item":"https:\/\/goedertgroup.com\/"},{"@type":"ListItem","position":2,"name":"Ind\u00fastria"}]},{"@type":"WebSite","@id":"https:\/\/goedertgroup.com\/#website","url":"https:\/\/goedertgroup.com\/","name":"Goedert Group","description":"Qualidade em Higiene","potentialAction":[{"@type":"SearchAction","target":{"@type":"EntryPoint","urlTemplate":"https:\/\/goedertgroup.com\/?s={search_term_string}"},"query-input":{"@type":"PropertyValueSpecification","valueRequired":true,"valueName":"search_term_string"}}],"inLanguage":"en-US"}]}},"_links":{"self":[{"href":"https:\/\/goedertgroup.com.br\/en\/wp-json\/wp\/v2\/pages\/300","targetHints":{"allow":["GET"]}}],"collection":[{"href":"https:\/\/goedertgroup.com.br\/en\/wp-json\/wp\/v2\/pages"}],"about":[{"href":"https:\/\/goedertgroup.com.br\/en\/wp-json\/wp\/v2\/types\/page"}],"author":[{"embeddable":true,"href":"https:\/\/goedertgroup.com.br\/en\/wp-json\/wp\/v2\/users\/1"}],"replies":[{"embeddable":true,"href":"https:\/\/goedertgroup.com.br\/en\/wp-json\/wp\/v2\/comments?post=300"}],"version-history":[{"count":9,"href":"https:\/\/goedertgroup.com.br\/en\/wp-json\/wp\/v2\/pages\/300\/revisions"}],"predecessor-version":[{"id":450,"href":"https:\/\/goedertgroup.com.br\/en\/wp-json\/wp\/v2\/pages\/300\/revisions\/450"}],"wp:featuredmedia":[{"embeddable":true,"href":"https:\/\/goedertgroup.com.br\/en\/wp-json\/wp\/v2\/media\/384"}],"wp:attachment":[{"href":"https:\/\/goedertgroup.com.br\/en\/wp-json\/wp\/v2\/media?parent=300"}],"curies":[{"name":"wp","href":"https:\/\/api.w.org\/{rel}","templated":true}]}}