{"id":1951,"date":"2025-06-23T14:36:55","date_gmt":"2025-06-23T17:36:55","guid":{"rendered":"https:\/\/goedertgroup.com\/?page_id=1951"},"modified":"2025-06-23T14:46:27","modified_gmt":"2025-06-23T17:46:27","slug":"catalogo","status":"publish","type":"page","link":"https:\/\/goedertgroup.com.br\/es\/catalogo\/","title":{"rendered":"Cat\u00e1logo"},"content":{"rendered":"<div data-elementor-type=\"wp-page\" data-elementor-id=\"1951\" class=\"elementor elementor-1951\">\n\t\t\t\t\t\t<section class=\"elementor-section elementor-top-section elementor-element elementor-element-c5688ab elementor-section-full_width elementor-section-height-min-height elementor-section-stretched elementor-hidden-tablet elementor-hidden-mobile elementor-section-height-default elementor-section-items-middle\" data-id=\"c5688ab\" data-element_type=\"section\" data-e-type=\"section\" data-settings=\"{&quot;stretch_section&quot;:&quot;section-stretched&quot;,&quot;background_background&quot;:&quot;classic&quot;}\">\n\t\t\t\t\t\t<div class=\"elementor-container elementor-column-gap-default\">\n\t\t\t\t\t<div class=\"elementor-column elementor-col-100 elementor-top-column elementor-element elementor-element-8415bc9\" data-id=\"8415bc9\" data-element_type=\"column\" data-e-type=\"column\">\n\t\t\t<div class=\"elementor-widget-wrap\">\n\t\t\t\t\t\t\t<\/div>\n\t\t<\/div>\n\t\t\t\t\t<\/div>\n\t\t<\/section>\n\t\t\t\t<section class=\"elementor-section elementor-top-section elementor-element elementor-element-f309002 elementor-section-full_width elementor-section-height-min-height elementor-section-stretched elementor-hidden-desktop elementor-section-height-default elementor-section-items-middle\" data-id=\"f309002\" data-element_type=\"section\" data-e-type=\"section\" data-settings=\"{&quot;stretch_section&quot;:&quot;section-stretched&quot;,&quot;background_background&quot;:&quot;classic&quot;}\">\n\t\t\t\t\t\t<div class=\"elementor-container elementor-column-gap-default\">\n\t\t\t\t\t<div class=\"elementor-column elementor-col-100 elementor-top-column elementor-element elementor-element-109ed54\" data-id=\"109ed54\" data-element_type=\"column\" data-e-type=\"column\">\n\t\t\t<div class=\"elementor-widget-wrap\">\n\t\t\t\t\t\t\t<\/div>\n\t\t<\/div>\n\t\t\t\t\t<\/div>\n\t\t<\/section>\n\t\t\t\t<section class=\"elementor-section elementor-top-section elementor-element elementor-element-1f139aa elementor-section-stretched elementor-section-boxed elementor-section-height-default elementor-section-height-default\" data-id=\"1f139aa\" data-element_type=\"section\" data-e-type=\"section\" data-settings=\"{&quot;stretch_section&quot;:&quot;section-stretched&quot;,&quot;background_background&quot;:&quot;classic&quot;}\">\n\t\t\t\t\t\t<div class=\"elementor-container elementor-column-gap-default\">\n\t\t\t\t\t<div class=\"elementor-column elementor-col-100 elementor-top-column elementor-element elementor-element-f42febc\" data-id=\"f42febc\" data-element_type=\"column\" data-e-type=\"column\">\n\t\t\t<div class=\"elementor-widget-wrap elementor-element-populated\">\n\t\t\t\t\t\t<div class=\"elementor-element elementor-element-f40c163 elementor-widget elementor-widget-heading\" data-id=\"f40c163\" data-element_type=\"widget\" data-e-type=\"widget\" data-widget_type=\"heading.default\">\n\t\t\t\t<div class=\"elementor-widget-container\">\n\t\t\t\t\t<h2 class=\"elementor-heading-title elementor-size-medium\">Bem-vindo ao mundo de solu\u00e7\u00f5es que transformam o cotidiano em algo pr\u00e1tico, inovador e eficiente! <\/h2>\t\t\t\t<\/div>\n\t\t\t\t<\/div>\n\t\t\t\t<div class=\"elementor-element elementor-element-afb80dc elementor-widget elementor-widget-text-editor\" data-id=\"afb80dc\" data-element_type=\"widget\" data-e-type=\"widget\" data-widget_type=\"text-editor.default\">\n\t\t\t\t<div class=\"elementor-widget-container\">\n\t\t\t\t\t\t\t\t\t<p style=\"text-align: left;\">O Goedert Group, com quatro d\u00e9cadas de expertise no mercado de higiene, limpeza, prote\u00e7\u00e3o e organiza\u00e7\u00e3o, \u00e9 refer\u00eancia em produtos de alta qualidade que facilitam a vida em todos os ambientes, do profissional ao residencial.<\/p><p>Aqui, apresentamos tr\u00eas das nossas marcas principais: <strong>UPPro<\/strong>, <strong>Nobre<\/strong> e <strong>Mood<\/strong>. Cada uma delas \u00e9 desenvolvida para atender necessidades espec\u00edficas, com produtos que combinam tecnologia e efici\u00eancia.<\/p><p>Explore nosso cat\u00e1logo online e descubra o potencial que essas tr\u00eas marcas t\u00eam a oferecer para o seu neg\u00f3cio e para o seu lar!<\/p>\t\t\t\t\t\t\t\t<\/div>\n\t\t\t\t<\/div>\n\t\t\t\t\t<\/div>\n\t\t<\/div>\n\t\t\t\t\t<\/div>\n\t\t<\/section>\n\t\t\t\t<section class=\"elementor-section elementor-top-section elementor-element elementor-element-0b91211 elementor-section-boxed elementor-section-height-default elementor-section-height-default\" data-id=\"0b91211\" data-element_type=\"section\" data-e-type=\"section\">\n\t\t\t\t\t\t<div class=\"elementor-container elementor-column-gap-default\">\n\t\t\t\t\t<div class=\"elementor-column elementor-col-33 elementor-top-column elementor-element elementor-element-cf423f3\" data-id=\"cf423f3\" data-element_type=\"column\" data-e-type=\"column\">\n\t\t\t<div class=\"elementor-widget-wrap\">\n\t\t\t\t\t\t\t<\/div>\n\t\t<\/div>\n\t\t\t\t<div class=\"elementor-column elementor-col-33 elementor-top-column elementor-element elementor-element-dc84640\" data-id=\"dc84640\" data-element_type=\"column\" data-e-type=\"column\">\n\t\t\t<div class=\"elementor-widget-wrap elementor-element-populated\">\n\t\t\t\t\t\t<div class=\"elementor-element elementor-element-6ade263 elementor-widget elementor-widget-text-editor\" data-id=\"6ade263\" data-element_type=\"widget\" data-e-type=\"widget\" data-widget_type=\"text-editor.default\">\n\t\t\t\t<div class=\"elementor-widget-container\">\n\t\t\t\t\t\t\t\t\t<p><div class=\"_df_thumb\" id=\"df_1946\"  _slug=\"catalogo-goedert-group-2025-1ed\" data-title=\"catalogo-goedert-group-2025-1ed\" wpoptions=\"true\" thumb=\"http:\/\/goedertgroup.com\/wp-content\/uploads\/2025\/06\/capa-catalogo-2025.png\" thumbtype=\"\" >Cat\u00e1logo Goedert Group 2025 &#8211; 1ed<\/div><script class=\"df-shortcode-script\" nowprocket type=\"application\/javascript\">window.option_df_1946 = {\"outline\":[],\"backgroundColor\":\"e5e5e5\",\"height\":\"950\",\"autoEnableOutline\":\"false\",\"autoEnableThumbnail\":\"false\",\"overwritePDFOutline\":\"false\",\"direction\":\"1\",\"pageSize\":\"0\",\"autoPlayDuration\":\"1500\",\"source\":\"http:\\\/\\\/goedertgroup.com\\\/wp-content\\\/uploads\\\/2025\\\/06\\\/catalogo-goedert-group-2025-1ed-pags-individuais.pdf\",\"wpOptions\":\"true\"}; if(window.DFLIP && window.DFLIP.parseBooks){window.DFLIP.parseBooks();}<\/script><\/p>\t\t\t\t\t\t\t\t<\/div>\n\t\t\t\t<\/div>\n\t\t\t\t\t<\/div>\n\t\t<\/div>\n\t\t\t\t<div class=\"elementor-column elementor-col-33 elementor-top-column elementor-element elementor-element-ae98ece\" data-id=\"ae98ece\" data-element_type=\"column\" data-e-type=\"column\">\n\t\t\t<div class=\"elementor-widget-wrap\">\n\t\t\t\t\t\t\t<\/div>\n\t\t<\/div>\n\t\t\t\t\t<\/div>\n\t\t<\/section>\n\t\t\t\t<section class=\"elementor-section elementor-top-section elementor-element elementor-element-9181441 elementor-section-boxed elementor-section-height-default elementor-section-height-default\" data-id=\"9181441\" data-element_type=\"section\" data-e-type=\"section\">\n\t\t\t\t\t\t<div class=\"elementor-container elementor-column-gap-default\">\n\t\t\t\t\t<div class=\"elementor-column elementor-col-100 elementor-top-column elementor-element elementor-element-b5dd37b\" data-id=\"b5dd37b\" data-element_type=\"column\" data-e-type=\"column\">\n\t\t\t<div class=\"elementor-widget-wrap elementor-element-populated\">\n\t\t\t\t\t\t<div class=\"elementor-element elementor-element-c4c61aa elementor-widget elementor-widget-spacer\" data-id=\"c4c61aa\" data-element_type=\"widget\" data-e-type=\"widget\" data-widget_type=\"spacer.default\">\n\t\t\t\t<div class=\"elementor-widget-container\">\n\t\t\t\t\t\t\t<div class=\"elementor-spacer\">\n\t\t\t<div class=\"elementor-spacer-inner\"><\/div>\n\t\t<\/div>\n\t\t\t\t\t\t<\/div>\n\t\t\t\t<\/div>\n\t\t\t\t<div class=\"elementor-element elementor-element-1bb4a95 elementor-align-center elementor-widget elementor-widget-button\" data-id=\"1bb4a95\" data-element_type=\"widget\" data-e-type=\"widget\" data-widget_type=\"button.default\">\n\t\t\t\t<div class=\"elementor-widget-container\">\n\t\t\t\t\t\t\t\t\t<div class=\"elementor-button-wrapper\">\n\t\t\t\t\t<a class=\"elementor-button elementor-button-link elementor-size-sm\" href=\"http:\/\/goedertgroup.com\/wp-content\/uploads\/2025\/06\/catalogo-goedert-group-2025-1ed-pags-individuais.pdf\" target=\"_blank\">\n\t\t\t\t\t\t<span class=\"elementor-button-content-wrapper\">\n\t\t\t\t\t\t<span class=\"elementor-button-icon\">\n\t\t\t\t<i aria-hidden=\"true\" class=\"far fa-arrow-alt-circle-down\"><\/i>\t\t\t<\/span>\n\t\t\t\t\t\t\t\t\t<span class=\"elementor-button-text\">Baixar arquivo<\/span>\n\t\t\t\t\t<\/span>\n\t\t\t\t\t<\/a>\n\t\t\t\t<\/div>\n\t\t\t\t\t\t\t\t<\/div>\n\t\t\t\t<\/div>\n\t\t\t\t<div class=\"elementor-element elementor-element-bd16878 elementor-align-center elementor-widget elementor-widget-button\" data-id=\"bd16878\" data-element_type=\"widget\" data-e-type=\"widget\" data-widget_type=\"button.default\">\n\t\t\t\t<div class=\"elementor-widget-container\">\n\t\t\t\t\t\t\t\t\t<div class=\"elementor-button-wrapper\">\n\t\t\t\t\t<a class=\"elementor-button elementor-button-link elementor-size-sm\" href=\"https:\/\/goedert.com.br\/representantes\/\" target=\"_blank\">\n\t\t\t\t\t\t<span class=\"elementor-button-content-wrapper\">\n\t\t\t\t\t\t\t\t\t<span class=\"elementor-button-text\">Encontre um representante<\/span>\n\t\t\t\t\t<\/span>\n\t\t\t\t\t<\/a>\n\t\t\t\t<\/div>\n\t\t\t\t\t\t\t\t<\/div>\n\t\t\t\t<\/div>\n\t\t\t\t<div class=\"elementor-element elementor-element-0c282e2 elementor-widget elementor-widget-spacer\" data-id=\"0c282e2\" data-element_type=\"widget\" data-e-type=\"widget\" data-widget_type=\"spacer.default\">\n\t\t\t\t<div class=\"elementor-widget-container\">\n\t\t\t\t\t\t\t<div class=\"elementor-spacer\">\n\t\t\t<div class=\"elementor-spacer-inner\"><\/div>\n\t\t<\/div>\n\t\t\t\t\t\t<\/div>\n\t\t\t\t<\/div>\n\t\t\t\t\t<\/div>\n\t\t<\/div>\n\t\t\t\t\t<\/div>\n\t\t<\/section>\n\t\t\t\t<\/div>","protected":false},"excerpt":{"rendered":"<p>Bem-vindo ao mundo de solu\u00e7\u00f5es que transformam o cotidiano em algo pr\u00e1tico, inovador e eficiente! O Goedert Group, ...","protected":false},"author":2,"featured_media":0,"parent":0,"menu_order":0,"comment_status":"closed","ping_status":"closed","template":"","meta":{"_acf_changed":false,"footnotes":""},"class_list":["post-1951","page","type-page","status-publish","hentry"],"acf":[],"yoast_head":"<!-- This site is optimized with the Yoast SEO plugin v27.4 - https:\/\/yoast.com\/product\/yoast-seo-wordpress\/ -->\n<title>Cat\u00e1logo - Goedert Group<\/title>\n<meta name=\"description\" content=\"Confira os cat\u00e1logos das marcas Nobre, Mood e UPPro.\" \/>\n<meta name=\"robots\" content=\"index, follow, max-snippet:-1, max-image-preview:large, max-video-preview:-1\" \/>\n<link rel=\"canonical\" href=\"https:\/\/goedertgroup.com.br\/es\/catalogo\/\" \/>\n<meta property=\"og:locale\" content=\"es_ES\" \/>\n<meta property=\"og:type\" content=\"article\" \/>\n<meta property=\"og:title\" content=\"Cat\u00e1logo - Goedert Group\" \/>\n<meta property=\"og:description\" content=\"Confira os cat\u00e1logos das marcas Nobre, Mood e UPPro.\" \/>\n<meta property=\"og:url\" content=\"https:\/\/goedertgroup.com.br\/es\/catalogo\/\" \/>\n<meta property=\"og:site_name\" content=\"Goedert Group\" \/>\n<meta property=\"article:modified_time\" content=\"2025-06-23T17:46:27+00:00\" \/>\n<meta name=\"twitter:card\" content=\"summary_large_image\" \/>\n<meta name=\"twitter:label1\" content=\"Est. reading time\" \/>\n\t<meta name=\"twitter:data1\" content=\"1 minute\" \/>\n<script type=\"application\/ld+json\" class=\"yoast-schema-graph\">{\"@context\":\"https:\\\/\\\/schema.org\",\"@graph\":[{\"@type\":\"WebPage\",\"@id\":\"https:\\\/\\\/goedertgroup.com.br\\\/es\\\/catalogo\\\/\",\"url\":\"https:\\\/\\\/goedertgroup.com.br\\\/es\\\/catalogo\\\/\",\"name\":\"Cat\u00e1logo - Goedert Group\",\"isPartOf\":{\"@id\":\"https:\\\/\\\/site.goedertgroup.com.br\\\/#website\"},\"datePublished\":\"2025-06-23T17:36:55+00:00\",\"dateModified\":\"2025-06-23T17:46:27+00:00\",\"description\":\"Confira os cat\u00e1logos das marcas Nobre, Mood e UPPro.\",\"breadcrumb\":{\"@id\":\"https:\\\/\\\/goedertgroup.com.br\\\/es\\\/catalogo\\\/#breadcrumb\"},\"inLanguage\":\"es-ES\",\"potentialAction\":[{\"@type\":\"ReadAction\",\"target\":[\"https:\\\/\\\/goedertgroup.com.br\\\/es\\\/catalogo\\\/\"]}]},{\"@type\":\"BreadcrumbList\",\"@id\":\"https:\\\/\\\/goedertgroup.com.br\\\/es\\\/catalogo\\\/#breadcrumb\",\"itemListElement\":[{\"@type\":\"ListItem\",\"position\":1,\"name\":\"In\u00edcio\",\"item\":\"https:\\\/\\\/goedertgroup.com\\\/\"},{\"@type\":\"ListItem\",\"position\":2,\"name\":\"Cat\u00e1logo\"}]},{\"@type\":\"WebSite\",\"@id\":\"https:\\\/\\\/site.goedertgroup.com.br\\\/#website\",\"url\":\"https:\\\/\\\/site.goedertgroup.com.br\\\/\",\"name\":\"Goedert Group\",\"description\":\"Qualidade em Higiene\",\"potentialAction\":[{\"@type\":\"SearchAction\",\"target\":{\"@type\":\"EntryPoint\",\"urlTemplate\":\"https:\\\/\\\/site.goedertgroup.com.br\\\/?s={search_term_string}\"},\"query-input\":{\"@type\":\"PropertyValueSpecification\",\"valueRequired\":true,\"valueName\":\"search_term_string\"}}],\"inLanguage\":\"es-ES\"}]}<\/script>\n<!-- \/ Yoast SEO plugin. -->","yoast_head_json":{"title":"Cat\u00e1logo - Goedert Group","description":"Confira os cat\u00e1logos das marcas Nobre, Mood e UPPro.","robots":{"index":"index","follow":"follow","max-snippet":"max-snippet:-1","max-image-preview":"max-image-preview:large","max-video-preview":"max-video-preview:-1"},"canonical":"https:\/\/goedertgroup.com.br\/es\/catalogo\/","og_locale":"es_ES","og_type":"article","og_title":"Cat\u00e1logo - Goedert Group","og_description":"Confira os cat\u00e1logos das marcas Nobre, Mood e UPPro.","og_url":"https:\/\/goedertgroup.com.br\/es\/catalogo\/","og_site_name":"Goedert Group","article_modified_time":"2025-06-23T17:46:27+00:00","twitter_card":"summary_large_image","twitter_misc":{"Est. reading time":"1 minute"},"schema":{"@context":"https:\/\/schema.org","@graph":[{"@type":"WebPage","@id":"https:\/\/goedertgroup.com.br\/es\/catalogo\/","url":"https:\/\/goedertgroup.com.br\/es\/catalogo\/","name":"Cat\u00e1logo - Goedert Group","isPartOf":{"@id":"https:\/\/site.goedertgroup.com.br\/#website"},"datePublished":"2025-06-23T17:36:55+00:00","dateModified":"2025-06-23T17:46:27+00:00","description":"Confira os cat\u00e1logos das marcas Nobre, Mood e UPPro.","breadcrumb":{"@id":"https:\/\/goedertgroup.com.br\/es\/catalogo\/#breadcrumb"},"inLanguage":"es-ES","potentialAction":[{"@type":"ReadAction","target":["https:\/\/goedertgroup.com.br\/es\/catalogo\/"]}]},{"@type":"BreadcrumbList","@id":"https:\/\/goedertgroup.com.br\/es\/catalogo\/#breadcrumb","itemListElement":[{"@type":"ListItem","position":1,"name":"In\u00edcio","item":"https:\/\/goedertgroup.com\/"},{"@type":"ListItem","position":2,"name":"Cat\u00e1logo"}]},{"@type":"WebSite","@id":"https:\/\/site.goedertgroup.com.br\/#website","url":"https:\/\/site.goedertgroup.com.br\/","name":"Goedert Group","description":"Qualidade em Higiene","potentialAction":[{"@type":"SearchAction","target":{"@type":"EntryPoint","urlTemplate":"https:\/\/site.goedertgroup.com.br\/?s={search_term_string}"},"query-input":{"@type":"PropertyValueSpecification","valueRequired":true,"valueName":"search_term_string"}}],"inLanguage":"es-ES"}]}},"_links":{"self":[{"href":"https:\/\/goedertgroup.com.br\/es\/wp-json\/wp\/v2\/pages\/1951","targetHints":{"allow":["GET"]}}],"collection":[{"href":"https:\/\/goedertgroup.com.br\/es\/wp-json\/wp\/v2\/pages"}],"about":[{"href":"https:\/\/goedertgroup.com.br\/es\/wp-json\/wp\/v2\/types\/page"}],"author":[{"embeddable":true,"href":"https:\/\/goedertgroup.com.br\/es\/wp-json\/wp\/v2\/users\/2"}],"replies":[{"embeddable":true,"href":"https:\/\/goedertgroup.com.br\/es\/wp-json\/wp\/v2\/comments?post=1951"}],"version-history":[{"count":13,"href":"https:\/\/goedertgroup.com.br\/es\/wp-json\/wp\/v2\/pages\/1951\/revisions"}],"predecessor-version":[{"id":1968,"href":"https:\/\/goedertgroup.com.br\/es\/wp-json\/wp\/v2\/pages\/1951\/revisions\/1968"}],"wp:attachment":[{"href":"https:\/\/goedertgroup.com.br\/es\/wp-json\/wp\/v2\/media?parent=1951"}],"curies":[{"name":"wp","href":"https:\/\/api.w.org\/{rel}","templated":true}]}}