{"id":297,"date":"2021-06-28T15:57:14","date_gmt":"2021-06-28T18:57:14","guid":{"rendered":"http:\/\/goedertgroup.com\/?page_id=297"},"modified":"2024-07-16T15:55:04","modified_gmt":"2024-07-16T18:55:04","slug":"ncoisas","status":"publish","type":"page","link":"https:\/\/goedertgroup.com.br\/es\/ncoisas\/","title":{"rendered":"NCoisas"},"content":{"rendered":"<p>La marca NCoisas se encarga de mantener una relaci\u00f3n m\u00e1s cercana con el p\u00fablico en general.<\/p>\n<p>Tanto a megaloja f\u00edsica, localizada no bairro Jardim Atl\u00e2ntico, em Florian\u00f3polis (SC), quanto o <a href=\"http:\/\/www.ncoisasshop.com.br\">e-commerce<\/a> ofrecen calidad, excelentes precios y una enorme variedad de productos de higiene, protecci\u00f3n y utilidades y organizaci\u00f3n para hogares y empresas. Hay m\u00e1s de 6.000 art\u00edculos a la venta.<\/p>\n<p>Pero el objetivo no es solo ofrecer practicidad con calidad. A trav\u00e9s de los espacios virtuales, tambi\u00e9n queremos transformar la relaci\u00f3n de las personas con la limpieza. Para ello, contamos con el blog <a href=\"https:\/\/www.ncoisasshop.com.br\/blog\/\">NCoisas<\/a> e perfis no <a href=\"https:\/\/www.instagram.com\/ncoisas.shop\/\">Instagram<\/a>, <a href=\"https:\/\/www.facebook.com\/ncoisas.shop\">Facebook<\/a>, <a href=\"https:\/\/www.tiktok.com\/@ncoisas.shop\">TikTok<\/a> e <a href=\"https:\/\/www.youtube.com\/c\/NcoisasShop\">Youtube<\/a>. Acompanhe-nos e ressignifique seus h\u00e1bitos de higiene e prote\u00e7\u00e3o. Vamos adorar ter voc\u00ea por perto!<\/p>\n<p><a href=\"http:\/\/www.ncoisasshop.com.br\">Haga clic aqu\u00ed y acceda al sitio web<\/a><\/p>","protected":false},"excerpt":{"rendered":"<p>A marca NCoisas \u00c3\u00a9 a respons\u00c3\u00a1vel por manter uma rela\u00c3\u00a7\u00c3\u00a3o mais pr\u00c3\u00b3xima com o p\u00c3\u00bablico em geral. Tanto a megaloja f\u00c3 ...","protected":false},"author":1,"featured_media":402,"parent":0,"menu_order":0,"comment_status":"closed","ping_status":"closed","template":"template-negocios.php","meta":{"_acf_changed":false,"footnotes":""},"class_list":["post-297","page","type-page","status-publish","has-post-thumbnail","hentry"],"acf":[],"yoast_head":"<!-- This site is optimized with the Yoast SEO plugin v27.3 - https:\/\/yoast.com\/product\/yoast-seo-wordpress\/ -->\n<title>NCoisas - Goedert Group<\/title>\n<meta name=\"robots\" content=\"index, follow, max-snippet:-1, max-image-preview:large, max-video-preview:-1\" \/>\n<link rel=\"canonical\" href=\"https:\/\/site.goedertgroup.com.br\/ncoisas\/\" \/>\n<meta property=\"og:locale\" content=\"es_ES\" \/>\n<meta property=\"og:type\" content=\"article\" \/>\n<meta property=\"og:title\" content=\"NCoisas - Goedert Group\" \/>\n<meta property=\"og:description\" content=\"A marca NCoisas \u00e9 a respons\u00e1vel por manter uma rela\u00e7\u00e3o mais pr\u00f3xima com o p\u00fablico em geral. Tanto a megaloja f\u00edsica, localizada no bairro Jardim Atl\u00e2ntico, em Florian\u00f3polis (SC), quanto o e-commerce oferecem qualidade, excelentes pre\u00e7os e enorme variedade de produtos de higiene, prote\u00e7\u00e3o, utilidades e organiza\u00e7\u00e3o para casas e empresas. H\u00e1 mais de 6Ler mais\" \/>\n<meta property=\"og:url\" content=\"https:\/\/site.goedertgroup.com.br\/ncoisas\/\" \/>\n<meta property=\"og:site_name\" content=\"Goedert Group\" \/>\n<meta property=\"article:modified_time\" content=\"2024-07-16T18:55:04+00:00\" \/>\n<meta property=\"og:image\" content=\"https:\/\/site.goedertgroup.com.br\/wp-content\/uploads\/2021\/07\/fotos-pag-ncoisas-01.png\" \/>\n\t<meta property=\"og:image:width\" content=\"752\" \/>\n\t<meta property=\"og:image:height\" content=\"202\" \/>\n\t<meta property=\"og:image:type\" content=\"image\/png\" \/>\n<meta name=\"twitter:card\" content=\"summary_large_image\" \/>\n<meta name=\"twitter:label1\" content=\"Est. reading time\" \/>\n\t<meta name=\"twitter:data1\" content=\"1 minute\" \/>\n<script type=\"application\/ld+json\" class=\"yoast-schema-graph\">{\"@context\":\"https:\\\/\\\/schema.org\",\"@graph\":[{\"@type\":\"WebPage\",\"@id\":\"https:\\\/\\\/site.goedertgroup.com.br\\\/ncoisas\\\/\",\"url\":\"https:\\\/\\\/site.goedertgroup.com.br\\\/ncoisas\\\/\",\"name\":\"NCoisas - Goedert Group\",\"isPartOf\":{\"@id\":\"https:\\\/\\\/goedertgroup.com.br\\\/en\\\/#website\"},\"primaryImageOfPage\":{\"@id\":\"https:\\\/\\\/site.goedertgroup.com.br\\\/ncoisas\\\/#primaryimage\"},\"image\":{\"@id\":\"https:\\\/\\\/site.goedertgroup.com.br\\\/ncoisas\\\/#primaryimage\"},\"thumbnailUrl\":\"https:\\\/\\\/goedertgroup.com.br\\\/wp-content\\\/uploads\\\/2021\\\/07\\\/fotos-pag-ncoisas-01.png\",\"datePublished\":\"2021-06-28T18:57:14+00:00\",\"dateModified\":\"2024-07-16T18:55:04+00:00\",\"breadcrumb\":{\"@id\":\"https:\\\/\\\/site.goedertgroup.com.br\\\/ncoisas\\\/#breadcrumb\"},\"inLanguage\":\"es-ES\",\"potentialAction\":[{\"@type\":\"ReadAction\",\"target\":[\"https:\\\/\\\/site.goedertgroup.com.br\\\/ncoisas\\\/\"]}]},{\"@type\":\"ImageObject\",\"inLanguage\":\"es-ES\",\"@id\":\"https:\\\/\\\/site.goedertgroup.com.br\\\/ncoisas\\\/#primaryimage\",\"url\":\"https:\\\/\\\/goedertgroup.com.br\\\/wp-content\\\/uploads\\\/2021\\\/07\\\/fotos-pag-ncoisas-01.png\",\"contentUrl\":\"https:\\\/\\\/goedertgroup.com.br\\\/wp-content\\\/uploads\\\/2021\\\/07\\\/fotos-pag-ncoisas-01.png\",\"width\":752,\"height\":202},{\"@type\":\"BreadcrumbList\",\"@id\":\"https:\\\/\\\/site.goedertgroup.com.br\\\/ncoisas\\\/#breadcrumb\",\"itemListElement\":[{\"@type\":\"ListItem\",\"position\":1,\"name\":\"In\u00edcio\",\"item\":\"https:\\\/\\\/goedertgroup.com.br\\\/en\\\/\"},{\"@type\":\"ListItem\",\"position\":2,\"name\":\"NCoisas\"}]},{\"@type\":\"WebSite\",\"@id\":\"https:\\\/\\\/goedertgroup.com.br\\\/en\\\/#website\",\"url\":\"https:\\\/\\\/goedertgroup.com.br\\\/en\\\/\",\"name\":\"Goedert Group\",\"description\":\"Qualidade em Higiene\",\"potentialAction\":[{\"@type\":\"SearchAction\",\"target\":{\"@type\":\"EntryPoint\",\"urlTemplate\":\"https:\\\/\\\/goedertgroup.com.br\\\/en\\\/?s={search_term_string}\"},\"query-input\":{\"@type\":\"PropertyValueSpecification\",\"valueRequired\":true,\"valueName\":\"search_term_string\"}}],\"inLanguage\":\"es-ES\"}]}<\/script>\n<!-- \/ Yoast SEO plugin. -->","yoast_head_json":{"title":"NCoisas - Goedert Group","robots":{"index":"index","follow":"follow","max-snippet":"max-snippet:-1","max-image-preview":"max-image-preview:large","max-video-preview":"max-video-preview:-1"},"canonical":"https:\/\/site.goedertgroup.com.br\/ncoisas\/","og_locale":"es_ES","og_type":"article","og_title":"NCoisas - Goedert Group","og_description":"A marca NCoisas \u00e9 a respons\u00e1vel por manter uma rela\u00e7\u00e3o mais pr\u00f3xima com o p\u00fablico em geral. Tanto a megaloja f\u00edsica, localizada no bairro Jardim Atl\u00e2ntico, em Florian\u00f3polis (SC), quanto o e-commerce oferecem qualidade, excelentes pre\u00e7os e enorme variedade de produtos de higiene, prote\u00e7\u00e3o, utilidades e organiza\u00e7\u00e3o para casas e empresas. H\u00e1 mais de 6Ler mais","og_url":"https:\/\/site.goedertgroup.com.br\/ncoisas\/","og_site_name":"Goedert Group","article_modified_time":"2024-07-16T18:55:04+00:00","og_image":[{"width":752,"height":202,"url":"https:\/\/site.goedertgroup.com.br\/wp-content\/uploads\/2021\/07\/fotos-pag-ncoisas-01.png","type":"image\/png"}],"twitter_card":"summary_large_image","twitter_misc":{"Est. reading time":"1 minute"},"schema":{"@context":"https:\/\/schema.org","@graph":[{"@type":"WebPage","@id":"https:\/\/site.goedertgroup.com.br\/ncoisas\/","url":"https:\/\/site.goedertgroup.com.br\/ncoisas\/","name":"NCoisas - Goedert Group","isPartOf":{"@id":"https:\/\/goedertgroup.com.br\/en\/#website"},"primaryImageOfPage":{"@id":"https:\/\/site.goedertgroup.com.br\/ncoisas\/#primaryimage"},"image":{"@id":"https:\/\/site.goedertgroup.com.br\/ncoisas\/#primaryimage"},"thumbnailUrl":"https:\/\/goedertgroup.com.br\/wp-content\/uploads\/2021\/07\/fotos-pag-ncoisas-01.png","datePublished":"2021-06-28T18:57:14+00:00","dateModified":"2024-07-16T18:55:04+00:00","breadcrumb":{"@id":"https:\/\/site.goedertgroup.com.br\/ncoisas\/#breadcrumb"},"inLanguage":"es-ES","potentialAction":[{"@type":"ReadAction","target":["https:\/\/site.goedertgroup.com.br\/ncoisas\/"]}]},{"@type":"ImageObject","inLanguage":"es-ES","@id":"https:\/\/site.goedertgroup.com.br\/ncoisas\/#primaryimage","url":"https:\/\/goedertgroup.com.br\/wp-content\/uploads\/2021\/07\/fotos-pag-ncoisas-01.png","contentUrl":"https:\/\/goedertgroup.com.br\/wp-content\/uploads\/2021\/07\/fotos-pag-ncoisas-01.png","width":752,"height":202},{"@type":"BreadcrumbList","@id":"https:\/\/site.goedertgroup.com.br\/ncoisas\/#breadcrumb","itemListElement":[{"@type":"ListItem","position":1,"name":"In\u00edcio","item":"https:\/\/goedertgroup.com.br\/en\/"},{"@type":"ListItem","position":2,"name":"NCoisas"}]},{"@type":"WebSite","@id":"https:\/\/goedertgroup.com.br\/en\/#website","url":"https:\/\/goedertgroup.com.br\/en\/","name":"Goedert Group","description":"Qualidade em Higiene","potentialAction":[{"@type":"SearchAction","target":{"@type":"EntryPoint","urlTemplate":"https:\/\/goedertgroup.com.br\/en\/?s={search_term_string}"},"query-input":{"@type":"PropertyValueSpecification","valueRequired":true,"valueName":"search_term_string"}}],"inLanguage":"es-ES"}]}},"_links":{"self":[{"href":"https:\/\/goedertgroup.com.br\/es\/wp-json\/wp\/v2\/pages\/297","targetHints":{"allow":["GET"]}}],"collection":[{"href":"https:\/\/goedertgroup.com.br\/es\/wp-json\/wp\/v2\/pages"}],"about":[{"href":"https:\/\/goedertgroup.com.br\/es\/wp-json\/wp\/v2\/types\/page"}],"author":[{"embeddable":true,"href":"https:\/\/goedertgroup.com.br\/es\/wp-json\/wp\/v2\/users\/1"}],"replies":[{"embeddable":true,"href":"https:\/\/goedertgroup.com.br\/es\/wp-json\/wp\/v2\/comments?post=297"}],"version-history":[{"count":20,"href":"https:\/\/goedertgroup.com.br\/es\/wp-json\/wp\/v2\/pages\/297\/revisions"}],"predecessor-version":[{"id":1559,"href":"https:\/\/goedertgroup.com.br\/es\/wp-json\/wp\/v2\/pages\/297\/revisions\/1559"}],"wp:featuredmedia":[{"embeddable":true,"href":"https:\/\/goedertgroup.com.br\/es\/wp-json\/wp\/v2\/media\/402"}],"wp:attachment":[{"href":"https:\/\/goedertgroup.com.br\/es\/wp-json\/wp\/v2\/media?parent=297"}],"curies":[{"name":"wp","href":"https:\/\/api.w.org\/{rel}","templated":true}]}}