{"id":300,"date":"2021-06-28T15:58:25","date_gmt":"2021-06-28T18:58:25","guid":{"rendered":"http:\/\/goedertgroup.com\/?page_id=300"},"modified":"2021-07-12T11:21:20","modified_gmt":"2021-07-12T14:21:20","slug":"industria","status":"publish","type":"page","link":"https:\/\/goedertgroup.com.br\/es\/industria\/","title":{"rendered":"Industria"},"content":{"rendered":"<p>El buque insignia del Goedert Group es nuestra industria. Tanto es as\u00ed que solo en 2020, se invirtieron m\u00e1s de R$ 8 millones en su expansi\u00f3n. Ubicados en la Gran Florian\u00f3polis, donde fabricamos la mayor\u00eda de los productos y dispensadores de la marca Nobre, escurridores, mangos de aluminio, entre otros art\u00edculos de higiene, limpieza y protecci\u00f3n.<\/p>\n<p>Se fabrican m\u00e1s de 3 mil art\u00edculos. El a\u00f1o pasado, se distribuyeron alrededor de 18 millones de productos a m\u00e1s de 7.500 puntos de venta ubicados en Brasil y pa\u00edses del Mercosur.<\/p>\n<p>Tambi\u00e9n es a trav\u00e9s de nuestro parque industrial que generamos empleo e ingresos para cerca de 600 colaboradores, contribuimos con acciones sostenibles y transformamos las materias primas en cuidado y protecci\u00f3n para miles de hogares y empresas brasile\u00f1as. Despu\u00e9s de todo, \u00a1nuestra misi\u00f3n es cuidar de Brasil!<\/p>","protected":false},"excerpt":{"rendered":"<p>O carro-chefe do Goedert Group \u00e9 a nossa ind\u00fastria. Tanto que somente em 2020 foram investidos mais de R$ 8 milh\u00f5e ...","protected":false},"author":1,"featured_media":384,"parent":0,"menu_order":0,"comment_status":"closed","ping_status":"closed","template":"template-negocios.php","meta":{"_acf_changed":false,"footnotes":""},"class_list":["post-300","page","type-page","status-publish","has-post-thumbnail","hentry"],"acf":[],"yoast_head":"<!-- This site is optimized with the Yoast SEO plugin v27.3 - https:\/\/yoast.com\/product\/yoast-seo-wordpress\/ -->\n<title>Ind\u00fastria - Goedert Group<\/title>\n<meta name=\"robots\" content=\"index, follow, max-snippet:-1, max-image-preview:large, max-video-preview:-1\" \/>\n<link rel=\"canonical\" href=\"https:\/\/goedertgroup.com\/en\/industria\/\" \/>\n<meta property=\"og:locale\" content=\"es_ES\" \/>\n<meta property=\"og:type\" content=\"article\" \/>\n<meta property=\"og:title\" content=\"Ind\u00fastria - Goedert Group\" \/>\n<meta property=\"og:description\" content=\"O carro-chefe do Goedert Group \u00e9 a nossa ind\u00fastria. Tanto que somente em 2020 foram investidos mais de R$ 8 milh\u00f5es na sua amplia\u00e7\u00e3o.\u00a0Localizada na Grande Florian\u00f3polis, onde fabricamos boa parte dos produtos da marca Nobre e de dispensadores, rodos, cabos de alum\u00ednio, entre outros itens de higiene, limpeza e prote\u00e7\u00e3o. S\u00e3o mais de 3Ler mais\" \/>\n<meta property=\"og:url\" content=\"https:\/\/goedertgroup.com\/en\/industria\/\" \/>\n<meta property=\"og:site_name\" content=\"Goedert Group\" \/>\n<meta property=\"article:modified_time\" content=\"2021-07-12T14:21:20+00:00\" \/>\n<meta property=\"og:image\" content=\"https:\/\/goedertgroup.com\/wp-content\/uploads\/2021\/07\/fotos-pag-industria.jpg\" \/>\n\t<meta property=\"og:image:width\" content=\"752\" \/>\n\t<meta property=\"og:image:height\" content=\"582\" \/>\n\t<meta property=\"og:image:type\" content=\"image\/jpeg\" \/>\n<meta name=\"twitter:card\" content=\"summary_large_image\" \/>\n<meta name=\"twitter:label1\" content=\"Est. reading time\" \/>\n\t<meta name=\"twitter:data1\" content=\"1 minute\" \/>\n<script type=\"application\/ld+json\" class=\"yoast-schema-graph\">{\"@context\":\"https:\\\/\\\/schema.org\",\"@graph\":[{\"@type\":\"WebPage\",\"@id\":\"https:\\\/\\\/goedertgroup.com\\\/en\\\/industria\\\/\",\"url\":\"https:\\\/\\\/goedertgroup.com\\\/en\\\/industria\\\/\",\"name\":\"Ind\u00fastria - Goedert Group\",\"isPartOf\":{\"@id\":\"https:\\\/\\\/goedertgroup.com\\\/#website\"},\"primaryImageOfPage\":{\"@id\":\"https:\\\/\\\/goedertgroup.com\\\/en\\\/industria\\\/#primaryimage\"},\"image\":{\"@id\":\"https:\\\/\\\/goedertgroup.com\\\/en\\\/industria\\\/#primaryimage\"},\"thumbnailUrl\":\"https:\\\/\\\/goedertgroup.com.br\\\/wp-content\\\/uploads\\\/2021\\\/07\\\/fotos-pag-industria.jpg\",\"datePublished\":\"2021-06-28T18:58:25+00:00\",\"dateModified\":\"2021-07-12T14:21:20+00:00\",\"breadcrumb\":{\"@id\":\"https:\\\/\\\/goedertgroup.com\\\/en\\\/industria\\\/#breadcrumb\"},\"inLanguage\":\"es-ES\",\"potentialAction\":[{\"@type\":\"ReadAction\",\"target\":[\"https:\\\/\\\/goedertgroup.com\\\/en\\\/industria\\\/\"]}]},{\"@type\":\"ImageObject\",\"inLanguage\":\"es-ES\",\"@id\":\"https:\\\/\\\/goedertgroup.com\\\/en\\\/industria\\\/#primaryimage\",\"url\":\"https:\\\/\\\/goedertgroup.com.br\\\/wp-content\\\/uploads\\\/2021\\\/07\\\/fotos-pag-industria.jpg\",\"contentUrl\":\"https:\\\/\\\/goedertgroup.com.br\\\/wp-content\\\/uploads\\\/2021\\\/07\\\/fotos-pag-industria.jpg\",\"width\":752,\"height\":582},{\"@type\":\"BreadcrumbList\",\"@id\":\"https:\\\/\\\/goedertgroup.com\\\/en\\\/industria\\\/#breadcrumb\",\"itemListElement\":[{\"@type\":\"ListItem\",\"position\":1,\"name\":\"In\u00edcio\",\"item\":\"https:\\\/\\\/goedertgroup.com\\\/\"},{\"@type\":\"ListItem\",\"position\":2,\"name\":\"Ind\u00fastria\"}]},{\"@type\":\"WebSite\",\"@id\":\"https:\\\/\\\/goedertgroup.com\\\/#website\",\"url\":\"https:\\\/\\\/goedertgroup.com\\\/\",\"name\":\"Goedert Group\",\"description\":\"Qualidade em Higiene\",\"potentialAction\":[{\"@type\":\"SearchAction\",\"target\":{\"@type\":\"EntryPoint\",\"urlTemplate\":\"https:\\\/\\\/goedertgroup.com\\\/?s={search_term_string}\"},\"query-input\":{\"@type\":\"PropertyValueSpecification\",\"valueRequired\":true,\"valueName\":\"search_term_string\"}}],\"inLanguage\":\"es-ES\"}]}<\/script>\n<!-- \/ Yoast SEO plugin. -->","yoast_head_json":{"title":"Ind\u00fastria - Goedert Group","robots":{"index":"index","follow":"follow","max-snippet":"max-snippet:-1","max-image-preview":"max-image-preview:large","max-video-preview":"max-video-preview:-1"},"canonical":"https:\/\/goedertgroup.com\/en\/industria\/","og_locale":"es_ES","og_type":"article","og_title":"Ind\u00fastria - Goedert Group","og_description":"O carro-chefe do Goedert Group \u00e9 a nossa ind\u00fastria. Tanto que somente em 2020 foram investidos mais de R$ 8 milh\u00f5es na sua amplia\u00e7\u00e3o.\u00a0Localizada na Grande Florian\u00f3polis, onde fabricamos boa parte dos produtos da marca Nobre e de dispensadores, rodos, cabos de alum\u00ednio, entre outros itens de higiene, limpeza e prote\u00e7\u00e3o. S\u00e3o mais de 3Ler mais","og_url":"https:\/\/goedertgroup.com\/en\/industria\/","og_site_name":"Goedert Group","article_modified_time":"2021-07-12T14:21:20+00:00","og_image":[{"width":752,"height":582,"url":"https:\/\/goedertgroup.com\/wp-content\/uploads\/2021\/07\/fotos-pag-industria.jpg","type":"image\/jpeg"}],"twitter_card":"summary_large_image","twitter_misc":{"Est. reading time":"1 minute"},"schema":{"@context":"https:\/\/schema.org","@graph":[{"@type":"WebPage","@id":"https:\/\/goedertgroup.com\/en\/industria\/","url":"https:\/\/goedertgroup.com\/en\/industria\/","name":"Ind\u00fastria - Goedert Group","isPartOf":{"@id":"https:\/\/goedertgroup.com\/#website"},"primaryImageOfPage":{"@id":"https:\/\/goedertgroup.com\/en\/industria\/#primaryimage"},"image":{"@id":"https:\/\/goedertgroup.com\/en\/industria\/#primaryimage"},"thumbnailUrl":"https:\/\/goedertgroup.com.br\/wp-content\/uploads\/2021\/07\/fotos-pag-industria.jpg","datePublished":"2021-06-28T18:58:25+00:00","dateModified":"2021-07-12T14:21:20+00:00","breadcrumb":{"@id":"https:\/\/goedertgroup.com\/en\/industria\/#breadcrumb"},"inLanguage":"es-ES","potentialAction":[{"@type":"ReadAction","target":["https:\/\/goedertgroup.com\/en\/industria\/"]}]},{"@type":"ImageObject","inLanguage":"es-ES","@id":"https:\/\/goedertgroup.com\/en\/industria\/#primaryimage","url":"https:\/\/goedertgroup.com.br\/wp-content\/uploads\/2021\/07\/fotos-pag-industria.jpg","contentUrl":"https:\/\/goedertgroup.com.br\/wp-content\/uploads\/2021\/07\/fotos-pag-industria.jpg","width":752,"height":582},{"@type":"BreadcrumbList","@id":"https:\/\/goedertgroup.com\/en\/industria\/#breadcrumb","itemListElement":[{"@type":"ListItem","position":1,"name":"In\u00edcio","item":"https:\/\/goedertgroup.com\/"},{"@type":"ListItem","position":2,"name":"Ind\u00fastria"}]},{"@type":"WebSite","@id":"https:\/\/goedertgroup.com\/#website","url":"https:\/\/goedertgroup.com\/","name":"Goedert Group","description":"Qualidade em Higiene","potentialAction":[{"@type":"SearchAction","target":{"@type":"EntryPoint","urlTemplate":"https:\/\/goedertgroup.com\/?s={search_term_string}"},"query-input":{"@type":"PropertyValueSpecification","valueRequired":true,"valueName":"search_term_string"}}],"inLanguage":"es-ES"}]}},"_links":{"self":[{"href":"https:\/\/goedertgroup.com.br\/es\/wp-json\/wp\/v2\/pages\/300","targetHints":{"allow":["GET"]}}],"collection":[{"href":"https:\/\/goedertgroup.com.br\/es\/wp-json\/wp\/v2\/pages"}],"about":[{"href":"https:\/\/goedertgroup.com.br\/es\/wp-json\/wp\/v2\/types\/page"}],"author":[{"embeddable":true,"href":"https:\/\/goedertgroup.com.br\/es\/wp-json\/wp\/v2\/users\/1"}],"replies":[{"embeddable":true,"href":"https:\/\/goedertgroup.com.br\/es\/wp-json\/wp\/v2\/comments?post=300"}],"version-history":[{"count":9,"href":"https:\/\/goedertgroup.com.br\/es\/wp-json\/wp\/v2\/pages\/300\/revisions"}],"predecessor-version":[{"id":450,"href":"https:\/\/goedertgroup.com.br\/es\/wp-json\/wp\/v2\/pages\/300\/revisions\/450"}],"wp:featuredmedia":[{"embeddable":true,"href":"https:\/\/goedertgroup.com.br\/es\/wp-json\/wp\/v2\/media\/384"}],"wp:attachment":[{"href":"https:\/\/goedertgroup.com.br\/es\/wp-json\/wp\/v2\/media?parent=300"}],"curies":[{"name":"wp","href":"https:\/\/api.w.org\/{rel}","templated":true}]}}