{"id":350,"date":"2021-07-01T11:35:23","date_gmt":"2021-07-01T14:35:23","guid":{"rendered":"http:\/\/goedertgroup.com\/?page_id=350"},"modified":"2021-07-05T18:38:50","modified_gmt":"2021-07-05T21:38:50","slug":"negocios","status":"publish","type":"page","link":"https:\/\/goedertgroup.com.br\/es\/negocios\/","title":{"rendered":"Goedert Neg\u00f3cios"},"content":{"rendered":"<p>Contamos con diferentes frentes de negocio unidos bajo la marca Goedert Group: industria, canales de distribuci\u00f3n, minorista, importaci\u00f3n y exportaci\u00f3n.<\/p>\n<p>Desde nuestra sede en Santa Catarina, atendemos a m\u00e1s de 17 mil clientes en todos los estados de Brasil y en el Mercosur, teniendo en el sector de reventas nuestro principal canal de ventas y distribuci\u00f3n dentro y fuera del pa\u00eds. Hay m\u00e1s de 7.500 puntos de venta abastecidos con nuestros productos.<\/p>\n<p>Para servir mejor al ramo B2B, formado por comerciantes y emprendedores, contamos con el sector de la televenta. A trav\u00e9s de este canal ofrecemos soluciones pr\u00e1cticas y rentables.<\/p>\n<p>Una parte de nuestra empresa est\u00e1 especialmente dedicada a minoristas como tiendas de productos de limpieza y supermercados. Lo que hace posible que nuestro mix est\u00e9 presente en los estantes de diferentes establecimientos, llevando soluciones innovadoras en todo Brasil.<\/p>\n<p>Tambi\u00e9n contamos con una divisi\u00f3n encargada de abastecer los centros de origen con el fin de incrementar y fortalecer nuestra presencia en diferentes lugares, para diferentes p\u00fablicos. As\u00ed, nuestros clientes pueden encontrar todo tipo de art\u00edculos de la marca Nobre en su tienda favorita.<\/p>\n<p><a href=\"http:\/\/www.goedert.com.br\">Haga clic aqu\u00ed y acceda al sitio web<\/a><\/p>","protected":false},"excerpt":{"rendered":"<p>Possu\u00edmos diferentes frentes de neg\u00f3cios reunidas sob a marca Goedert Group: ind\u00fastria, canais de distribui\u00e7\u00e3o,  ...","protected":false},"author":2,"featured_media":418,"parent":0,"menu_order":0,"comment_status":"closed","ping_status":"closed","template":"template-negocios.php","meta":{"_acf_changed":false,"footnotes":""},"class_list":["post-350","page","type-page","status-publish","has-post-thumbnail","hentry"],"acf":[],"yoast_head":"<!-- This site is optimized with the Yoast SEO plugin v27.3 - https:\/\/yoast.com\/product\/yoast-seo-wordpress\/ -->\n<title>Goedert Neg\u00f3cios - Goedert Group<\/title>\n<meta name=\"robots\" content=\"index, follow, max-snippet:-1, max-image-preview:large, max-video-preview:-1\" \/>\n<link rel=\"canonical\" href=\"https:\/\/goedertgroup.com\/negocios\/\" \/>\n<meta property=\"og:locale\" content=\"es_ES\" \/>\n<meta property=\"og:type\" content=\"article\" \/>\n<meta property=\"og:title\" content=\"Goedert Neg\u00f3cios - Goedert Group\" \/>\n<meta property=\"og:description\" content=\"Possu\u00edmos diferentes frentes de neg\u00f3cios reunidas sob a marca Goedert Group: ind\u00fastria, canais de distribui\u00e7\u00e3o, varejo, importa\u00e7\u00e3o e exporta\u00e7\u00e3o. A partir da nossa sede, em Santa Catarina, atendemos mais de 17 mil clientes em todos os estados do Brasil e no Mercosul, tendo no setor de Revendas nosso principal canal de venda e distribui\u00e7\u00e3o dentroLer mais\" \/>\n<meta property=\"og:url\" content=\"https:\/\/goedertgroup.com\/negocios\/\" \/>\n<meta property=\"og:site_name\" content=\"Goedert Group\" \/>\n<meta property=\"article:modified_time\" content=\"2021-07-05T21:38:50+00:00\" \/>\n<meta property=\"og:image\" content=\"https:\/\/goedertgroup.com\/wp-content\/uploads\/2021\/07\/u.png\" \/>\n\t<meta property=\"og:image:width\" content=\"752\" \/>\n\t<meta property=\"og:image:height\" content=\"582\" \/>\n\t<meta property=\"og:image:type\" content=\"image\/png\" \/>\n<meta name=\"twitter:card\" content=\"summary_large_image\" \/>\n<meta name=\"twitter:label1\" content=\"Est. reading time\" \/>\n\t<meta name=\"twitter:data1\" content=\"1 minute\" \/>\n<script type=\"application\/ld+json\" class=\"yoast-schema-graph\">{\"@context\":\"https:\\\/\\\/schema.org\",\"@graph\":[{\"@type\":\"WebPage\",\"@id\":\"https:\\\/\\\/goedertgroup.com\\\/negocios\\\/\",\"url\":\"https:\\\/\\\/goedertgroup.com\\\/negocios\\\/\",\"name\":\"Goedert Neg\u00f3cios - Goedert Group\",\"isPartOf\":{\"@id\":\"https:\\\/\\\/goedertgroup.com\\\/#website\"},\"primaryImageOfPage\":{\"@id\":\"https:\\\/\\\/goedertgroup.com\\\/negocios\\\/#primaryimage\"},\"image\":{\"@id\":\"https:\\\/\\\/goedertgroup.com\\\/negocios\\\/#primaryimage\"},\"thumbnailUrl\":\"https:\\\/\\\/goedertgroup.com.br\\\/wp-content\\\/uploads\\\/2021\\\/07\\\/u.png\",\"datePublished\":\"2021-07-01T14:35:23+00:00\",\"dateModified\":\"2021-07-05T21:38:50+00:00\",\"breadcrumb\":{\"@id\":\"https:\\\/\\\/goedertgroup.com\\\/negocios\\\/#breadcrumb\"},\"inLanguage\":\"es-ES\",\"potentialAction\":[{\"@type\":\"ReadAction\",\"target\":[\"https:\\\/\\\/goedertgroup.com\\\/negocios\\\/\"]}]},{\"@type\":\"ImageObject\",\"inLanguage\":\"es-ES\",\"@id\":\"https:\\\/\\\/goedertgroup.com\\\/negocios\\\/#primaryimage\",\"url\":\"https:\\\/\\\/goedertgroup.com.br\\\/wp-content\\\/uploads\\\/2021\\\/07\\\/u.png\",\"contentUrl\":\"https:\\\/\\\/goedertgroup.com.br\\\/wp-content\\\/uploads\\\/2021\\\/07\\\/u.png\",\"width\":752,\"height\":582},{\"@type\":\"BreadcrumbList\",\"@id\":\"https:\\\/\\\/goedertgroup.com\\\/negocios\\\/#breadcrumb\",\"itemListElement\":[{\"@type\":\"ListItem\",\"position\":1,\"name\":\"In\u00edcio\",\"item\":\"https:\\\/\\\/goedertgroup.com\\\/\"},{\"@type\":\"ListItem\",\"position\":2,\"name\":\"Goedert Neg\u00f3cios\"}]},{\"@type\":\"WebSite\",\"@id\":\"https:\\\/\\\/goedertgroup.com\\\/#website\",\"url\":\"https:\\\/\\\/goedertgroup.com\\\/\",\"name\":\"Goedert Group\",\"description\":\"Qualidade em Higiene\",\"potentialAction\":[{\"@type\":\"SearchAction\",\"target\":{\"@type\":\"EntryPoint\",\"urlTemplate\":\"https:\\\/\\\/goedertgroup.com\\\/?s={search_term_string}\"},\"query-input\":{\"@type\":\"PropertyValueSpecification\",\"valueRequired\":true,\"valueName\":\"search_term_string\"}}],\"inLanguage\":\"es-ES\"}]}<\/script>\n<!-- \/ Yoast SEO plugin. -->","yoast_head_json":{"title":"Goedert Neg\u00f3cios - Goedert Group","robots":{"index":"index","follow":"follow","max-snippet":"max-snippet:-1","max-image-preview":"max-image-preview:large","max-video-preview":"max-video-preview:-1"},"canonical":"https:\/\/goedertgroup.com\/negocios\/","og_locale":"es_ES","og_type":"article","og_title":"Goedert Neg\u00f3cios - Goedert Group","og_description":"Possu\u00edmos diferentes frentes de neg\u00f3cios reunidas sob a marca Goedert Group: ind\u00fastria, canais de distribui\u00e7\u00e3o, varejo, importa\u00e7\u00e3o e exporta\u00e7\u00e3o. A partir da nossa sede, em Santa Catarina, atendemos mais de 17 mil clientes em todos os estados do Brasil e no Mercosul, tendo no setor de Revendas nosso principal canal de venda e distribui\u00e7\u00e3o dentroLer mais","og_url":"https:\/\/goedertgroup.com\/negocios\/","og_site_name":"Goedert Group","article_modified_time":"2021-07-05T21:38:50+00:00","og_image":[{"width":752,"height":582,"url":"https:\/\/goedertgroup.com\/wp-content\/uploads\/2021\/07\/u.png","type":"image\/png"}],"twitter_card":"summary_large_image","twitter_misc":{"Est. reading time":"1 minute"},"schema":{"@context":"https:\/\/schema.org","@graph":[{"@type":"WebPage","@id":"https:\/\/goedertgroup.com\/negocios\/","url":"https:\/\/goedertgroup.com\/negocios\/","name":"Goedert Neg\u00f3cios - Goedert Group","isPartOf":{"@id":"https:\/\/goedertgroup.com\/#website"},"primaryImageOfPage":{"@id":"https:\/\/goedertgroup.com\/negocios\/#primaryimage"},"image":{"@id":"https:\/\/goedertgroup.com\/negocios\/#primaryimage"},"thumbnailUrl":"https:\/\/goedertgroup.com.br\/wp-content\/uploads\/2021\/07\/u.png","datePublished":"2021-07-01T14:35:23+00:00","dateModified":"2021-07-05T21:38:50+00:00","breadcrumb":{"@id":"https:\/\/goedertgroup.com\/negocios\/#breadcrumb"},"inLanguage":"es-ES","potentialAction":[{"@type":"ReadAction","target":["https:\/\/goedertgroup.com\/negocios\/"]}]},{"@type":"ImageObject","inLanguage":"es-ES","@id":"https:\/\/goedertgroup.com\/negocios\/#primaryimage","url":"https:\/\/goedertgroup.com.br\/wp-content\/uploads\/2021\/07\/u.png","contentUrl":"https:\/\/goedertgroup.com.br\/wp-content\/uploads\/2021\/07\/u.png","width":752,"height":582},{"@type":"BreadcrumbList","@id":"https:\/\/goedertgroup.com\/negocios\/#breadcrumb","itemListElement":[{"@type":"ListItem","position":1,"name":"In\u00edcio","item":"https:\/\/goedertgroup.com\/"},{"@type":"ListItem","position":2,"name":"Goedert Neg\u00f3cios"}]},{"@type":"WebSite","@id":"https:\/\/goedertgroup.com\/#website","url":"https:\/\/goedertgroup.com\/","name":"Goedert Group","description":"Qualidade em Higiene","potentialAction":[{"@type":"SearchAction","target":{"@type":"EntryPoint","urlTemplate":"https:\/\/goedertgroup.com\/?s={search_term_string}"},"query-input":{"@type":"PropertyValueSpecification","valueRequired":true,"valueName":"search_term_string"}}],"inLanguage":"es-ES"}]}},"_links":{"self":[{"href":"https:\/\/goedertgroup.com.br\/es\/wp-json\/wp\/v2\/pages\/350","targetHints":{"allow":["GET"]}}],"collection":[{"href":"https:\/\/goedertgroup.com.br\/es\/wp-json\/wp\/v2\/pages"}],"about":[{"href":"https:\/\/goedertgroup.com.br\/es\/wp-json\/wp\/v2\/types\/page"}],"author":[{"embeddable":true,"href":"https:\/\/goedertgroup.com.br\/es\/wp-json\/wp\/v2\/users\/2"}],"replies":[{"embeddable":true,"href":"https:\/\/goedertgroup.com.br\/es\/wp-json\/wp\/v2\/comments?post=350"}],"version-history":[{"count":5,"href":"https:\/\/goedertgroup.com.br\/es\/wp-json\/wp\/v2\/pages\/350\/revisions"}],"predecessor-version":[{"id":416,"href":"https:\/\/goedertgroup.com.br\/es\/wp-json\/wp\/v2\/pages\/350\/revisions\/416"}],"wp:featuredmedia":[{"embeddable":true,"href":"https:\/\/goedertgroup.com.br\/es\/wp-json\/wp\/v2\/media\/418"}],"wp:attachment":[{"href":"https:\/\/goedertgroup.com.br\/es\/wp-json\/wp\/v2\/media?parent=350"}],"curies":[{"name":"wp","href":"https:\/\/api.w.org\/{rel}","templated":true}]}}